{"id":932,"date":"2017-11-27T16:14:10","date_gmt":"2017-11-27T15:14:10","guid":{"rendered":"https:\/\/www.dmm.fr\/?page_id=932"},"modified":"2025-03-12T13:58:45","modified_gmt":"2025-03-12T12:58:45","slug":"recruitment","status":"publish","type":"page","link":"https:\/\/www.dmm.fr\/en\/company\/recruitment\/","title":{"rendered":"Recruitment"},"content":{"rendered":"\n<div class=\"wp-block-group wrap_content\"><div class=\"wp-block-group__inner-container is-layout-flow wp-block-group-is-layout-flow\">\n<p class=\"intro_page\"><strong>DMM est le sp\u00e9cialiste fran\u00e7ais du moule m\u00e9tallique grande dimension. Au-del\u00e0 de l\u2019activit\u00e9 de m\u00e9tallurgie, c\u2019est tout un savoir-faire local qui est mis \u00e0 profit quotidiennement par nos \u00e9quipes. Situ\u00e9e au c\u0153ur de la Plastics Vall\u00e9e, l\u2019entreprise met un point d\u2019honneur \u00e0 travailler dans la s\u00e9r\u00e9nit\u00e9 et la confiance. Deux points qui sont des gages de qualit\u00e9 pour nos clients et de confort pour les collaborateurs.<\/strong><\/p>\n\n\n\n<div id=\"nos-offres\" class=\"wp-block-group bg_blue\"><div class=\"wp-block-group__inner-container is-layout-flow wp-block-group-is-layout-flow\">\n<div class=\"wp-block-query list_offres display_none is-layout-flow wp-block-query-is-layout-flow\">\n<h2 class=\"wp-block-heading\" id=\"nos-offres\">Nos offres d&#8217;emploi<\/h2>\n\n\n<ul class=\"wp-block-post-template is-layout-flow wp-block-post-template-is-layout-flow\"><li class=\"wp-block-post post-3229 offre type-offre status-publish has-post-thumbnail hentry\">\n<h3 class=\"wp-block-post-title\"><a href=\"https:\/\/www.dmm.fr\/en\/offre\/monteur-ajusteur-qualifie-ou-non\/\" target=\"_self\" >Monteur \/ Ajusteur (Qualifi\u00e9 ou non)<\/a><\/h3>\n<\/li><\/ul><\/div>\n<\/div><\/div>\n\n\n\n<div style=\"height:100px\" aria-hidden=\"true\" class=\"wp-block-spacer\"><\/div>\n\n\n\n<div class=\"wp-block-columns is-layout-flex wp-container-core-columns-is-layout-9d6595d7 wp-block-columns-is-layout-flex\">\n<div class=\"wp-block-column is-layout-flow wp-block-column-is-layout-flow\">\n<h2 class=\"wp-block-heading\">Le bien vivre en entreprise dans l\u2019ADN de DMM<\/h2>\n\n\n\n<p>DMM est une entreprise familiale qui a su garder son \u00e2me <a href=\"https:\/\/www.dmm.fr\/entreprise\/historique\/\" data-type=\"page\" data-id=\"5\">depuis plus de 30 ans<\/a>. Au quotidien, nous \u00e9voluons <strong>dans une ambiance agr\u00e9able et bienveillante<\/strong>. L\u2019ensemble des \u00e9quipes, des commerciaux aux techniciens en passant par le bureau d&#8217;\u00e9tude, travaillent dans une d\u00e9marche de coh\u00e9sion globale. De la m\u00eame mani\u00e8re, les bureaux de la direction sont toujours ouverts pour \u00e9changer simplement et faire part des demandes avec la plus grande spontan\u00e9it\u00e9.<\/p>\n\n\n\n<p>Nous aimons \u00e9galement <strong>partager de bons moments tous ensemble<\/strong> autour d\u2019un repas au restaurant, d\u2019un barbecue, d\u2019une partie de p\u00e9tanque, toujours dans la bonne humeur. C\u2019est cette philosophie de travail, aussi bien <strong>bas\u00e9e sur la qualit\u00e9 de travail que sur la convivialit\u00e9<\/strong> \u00e0 laquelle vous adh\u00e9rerez en rejoignant DMM.<\/p>\n\n\n\n<div class=\"wp-block-buttons is-layout-flex wp-block-buttons-is-layout-flex\">\n<div class=\"wp-block-button go_offres\"><a class=\"wp-block-button__link wp-element-button\" href=\"#nos-offres\">Voir nos offres<\/a><\/div>\n<\/div>\n<\/div>\n\n\n\n<div class=\"wp-block-column is-layout-flow wp-block-column-is-layout-flow\">\n<div class=\"wp-block-columns are-vertically-aligned-top col_image is-layout-flex wp-container-core-columns-is-layout-9d6595d7 wp-block-columns-is-layout-flex\">\n<div class=\"wp-block-column is-vertically-aligned-top is-layout-flow wp-block-column-is-layout-flow\" style=\"flex-basis:50%\">\n<figure class=\"wp-block-image size-full fancybox\"><a href=\"https:\/\/www.dmm.fr\/wp-content\/uploads\/pretanque-dmm.jpg\"><img loading=\"lazy\" decoding=\"async\" width=\"640\" height=\"480\" src=\"https:\/\/www.dmm.fr\/wp-content\/uploads\/pretanque-dmm.jpg\" alt=\"\" class=\"wp-image-2740\" srcset=\"https:\/\/www.dmm.fr\/wp-content\/uploads\/pretanque-dmm.jpg 640w, https:\/\/www.dmm.fr\/wp-content\/uploads\/pretanque-dmm-300x225.jpg 300w\" sizes=\"auto, (max-width: 640px) 100vw, 640px\" \/><\/a><\/figure>\n\n\n\n<figure class=\"wp-block-image size-full fancybox\"><a href=\"https:\/\/www.dmm.fr\/wp-content\/uploads\/repas-entreprise-dmm.jpg\"><img loading=\"lazy\" decoding=\"async\" width=\"640\" height=\"480\" src=\"https:\/\/www.dmm.fr\/wp-content\/uploads\/repas-entreprise-dmm.jpg\" alt=\"\" class=\"wp-image-2734\" srcset=\"https:\/\/www.dmm.fr\/wp-content\/uploads\/repas-entreprise-dmm.jpg 640w, https:\/\/www.dmm.fr\/wp-content\/uploads\/repas-entreprise-dmm-300x225.jpg 300w\" sizes=\"auto, (max-width: 640px) 100vw, 640px\" \/><\/a><\/figure>\n<\/div>\n\n\n\n<div class=\"wp-block-column is-vertically-aligned-top is-layout-flow wp-block-column-is-layout-flow\" style=\"flex-basis:50%\">\n<figure class=\"wp-block-image size-full fancybox\"><a href=\"https:\/\/www.dmm.fr\/wp-content\/uploads\/lac-genin-rotated.jpg\"><img loading=\"lazy\" decoding=\"async\" width=\"480\" height=\"640\" src=\"https:\/\/www.dmm.fr\/wp-content\/uploads\/lac-genin-rotated.jpg\" alt=\"\" class=\"wp-image-2737\" srcset=\"https:\/\/www.dmm.fr\/wp-content\/uploads\/lac-genin-rotated.jpg 480w, https:\/\/www.dmm.fr\/wp-content\/uploads\/lac-genin-225x300.jpg 225w\" sizes=\"auto, (max-width: 480px) 100vw, 480px\" \/><\/a><\/figure>\n<\/div>\n<\/div>\n<\/div>\n<\/div>\n<\/div><\/div>\n\n\n\n<div style=\"height:80px\" aria-hidden=\"true\" class=\"wp-block-spacer\"><\/div>\n\n\n\n<div class=\"wp-block-media-text alignwide is-stacked-on-mobile is-vertically-aligned-center is-image-fill-element media_full\"><figure class=\"wp-block-media-text__media\"><img loading=\"lazy\" decoding=\"async\" width=\"506\" height=\"640\" src=\"https:\/\/www.dmm.fr\/wp-content\/uploads\/machine-moules-dmm.jpg\" alt=\"machine-moules-dmm\" class=\"wp-image-2827 size-full\" style=\"object-position:50% 50%\" srcset=\"https:\/\/www.dmm.fr\/wp-content\/uploads\/machine-moules-dmm.jpg 506w, https:\/\/www.dmm.fr\/wp-content\/uploads\/machine-moules-dmm-237x300.jpg 237w\" sizes=\"auto, (max-width: 506px) 100vw, 506px\" \/><\/figure><div class=\"wp-block-media-text__content\">\n<h2 class=\"wp-block-heading\">Une int\u00e9gration facilit\u00e9e au sein de DMM<\/h2>\n\n\n\n<div class=\"wp-block-group liste_check\"><div class=\"wp-block-group__inner-container is-layout-flow wp-block-group-is-layout-flow\">\n<h3 class=\"wp-block-heading\">La rencontre avec vos coll\u00e8gues<\/h3>\n\n\n\n<p>D\u00e8s votre arriv\u00e9e, nous prenons le temps de vous faire une <strong>visite compl\u00e8te de nos locaux<\/strong>. Cela vous permet de rencontrer vos nouveaux coll\u00e8gues tout en vous impr\u00e9gnant de nos m\u00e9thodes de travail et de l\u2019ambiance de l\u2019entreprise. En compl\u00e9ment de cette pr\u00e9sentation, vous pourrez toujours compter sur <strong>le soutien de l\u2019ensemble des \u00e9quipes<\/strong> pour vous int\u00e9grer au mieux dans votre nouvelle entreprise.<\/p>\n<\/div><\/div>\n\n\n\n<div class=\"wp-block-group liste_check\"><div class=\"wp-block-group__inner-container is-layout-flow wp-block-group-is-layout-flow\">\n<h3 class=\"wp-block-heading\">Le &#8220;livret salari\u00e9&#8221; de DMM<\/h3>\n\n\n\n<p>Lors de votre premier jour chez DMM, vous recevez votre <strong>&#8220;livret salari\u00e9&#8221;<\/strong>. Il s\u2019agit d\u2019une fiche tr\u00e8s compl\u00e8te destin\u00e9e \u00e0 faciliter votre int\u00e9gration. <strong>Ce document r\u00e9capitule toutes les informations dont vous aurez besoin et qui concernent l\u2019entreprise<\/strong>. Vous pourrez ainsi en apprendre plus sur <a href=\"https:\/\/www.dmm.fr\/entreprise\/historique\/\">l\u2019histoire de la soci\u00e9t\u00e9<\/a>, le cadre de travail, les questions li\u00e9es \u00e0 la s\u00e9curit\u00e9, la sant\u00e9 au travail et la d\u00e9marche \u00e9cologique de DMM.<\/p>\n\n\n\n<p>Toutes les petites interrogations que l\u2019on peut se poser en arrivant dans une nouvelle structure et qui font le stress des premiers jours trouvent ainsi une r\u00e9ponse. Bien \u00e9videmment, <strong>cela ne remplace en rien la proximit\u00e9 et le c\u00f4t\u00e9 humain<\/strong> de DMM ! nous serons toujours disponibles pour vous aider si des questions subsistent.<\/p>\n<\/div><\/div>\n\n\n\n<p class=\"info_p\"><strong>En plus de ces informations, le livret du salari\u00e9 int\u00e8gre \u00e9galement votre fiche de poste, le r\u00e9capitulatif de la couverture mutuelle et de la pr\u00e9voyance, ainsi que les fiches de demande de cong\u00e9s.<\/strong><\/p>\n<\/div><\/div>\n\n\n\n<div class=\"wp-block-media-text alignwide has-media-on-the-right is-stacked-on-mobile is-vertically-aligned-center is-image-fill-element media_full\"><div class=\"wp-block-media-text__content\">\n<h2 class=\"wp-block-heading\">L\u2019\u00e9tat d\u2019esprit avant les dipl\u00f4mes<\/h2>\n\n\n\n<p>M\u00eame si votre formation et vos comp\u00e9tences comptent, <strong>il n\u2019est pas n\u00e9cessaire d\u2019avoir un CV long de plusieurs pages pour postuler chez DMM<\/strong>. Beaucoup des collaborateurs se sont form\u00e9s au sein m\u00eame de nos locaux et ont \u00e9volu\u00e9 au fil des ann\u00e9es. Par exemple, notre responsable de production vient du domaine de l\u2019automobile. Il n\u2019est pas rare non plus de voir des personnes entrer dans l\u2019entreprise par la porte de l\u2019int\u00e9rim avant de se former et de poursuivre l\u2019aventure avec nous.<\/p>\n\n\n\n<p>Nous recherchons avant tout des profils de collaborateurs <strong>motiv\u00e9s, s\u00e9rieux et soucieux<\/strong> de se former \u00e0 nos c\u00f4t\u00e9s. Votre savoir \u00eatre est pour nous la cl\u00e9 de votre bonne int\u00e9gration de DMM. Cette notion de vie en entreprise vous permettra de vous \u00e9panouir sur un plan professionnel tout en vous impr\u00e9gnant de nos codes de travail et en contribuant \u00e0 la bonne ambiance entre les collaborateurs.&nbsp;<\/p>\n\n\n\n<p class=\"check_p\"><strong>Plus qu\u2019un simple emploi nous vous proposons de faire carri\u00e8re dans la m\u00e9canique moule en \u00e9voluant au sein de DMM.<\/strong><\/p>\n<\/div><figure class=\"wp-block-media-text__media\"><img loading=\"lazy\" decoding=\"async\" width=\"480\" height=\"640\" src=\"https:\/\/www.dmm.fr\/wp-content\/uploads\/moules-dmm.jpg\" alt=\"moules-dmm\" class=\"wp-image-2830 size-full\" style=\"object-position:50% 50%\" srcset=\"https:\/\/www.dmm.fr\/wp-content\/uploads\/moules-dmm.jpg 480w, https:\/\/www.dmm.fr\/wp-content\/uploads\/moules-dmm-225x300.jpg 225w\" sizes=\"auto, (max-width: 480px) 100vw, 480px\" \/><\/figure><\/div>\n\n\n\n<div class=\"wp-block-group wrap_bloc_bleu\"><div class=\"wp-block-group__inner-container is-layout-flow wp-block-group-is-layout-flow\">\n<p class=\"titre_recrutement\">En savoir plus sur DMM<\/p>\n\n\n\n<div class=\"wp-block-columns wrap_content is-layout-flex wp-container-core-columns-is-layout-9d6595d7 wp-block-columns-is-layout-flex\">\n<div class=\"wp-block-column is-layout-flow wp-block-column-is-layout-flow\">\n<figure class=\"wp-block-image size-large\"><img loading=\"lazy\" decoding=\"async\" width=\"1024\" height=\"887\" src=\"https:\/\/www.dmm.fr\/wp-content\/uploads\/\/dmm-vue-montagne-1024x887.jpg\" alt=\"Dmm vue montagne\" class=\"wp-image-2809\" srcset=\"https:\/\/www.dmm.fr\/wp-content\/uploads\/dmm-vue-montagne-1024x887.jpg 1024w, https:\/\/www.dmm.fr\/wp-content\/uploads\/dmm-vue-montagne-300x260.jpg 300w, https:\/\/www.dmm.fr\/wp-content\/uploads\/dmm-vue-montagne-768x666.jpg 768w, https:\/\/www.dmm.fr\/wp-content\/uploads\/dmm-vue-montagne-1536x1331.jpg 1536w, https:\/\/www.dmm.fr\/wp-content\/uploads\/dmm-vue-montagne.jpg 1860w\" sizes=\"auto, (max-width: 1024px) 100vw, 1024px\" \/><\/figure>\n\n\n\n<h2 class=\"wp-block-heading\">Une r\u00e9gion agr\u00e9able et dynamique aux pieds des montagnes<\/h2>\n\n\n\n<p>Depuis sa cr\u00e9ation en 1990, DMM est implant\u00e9e au c\u0153ur du <strong>Haut-Bugey<\/strong>, dans le bassin de la <strong>Plastics Vall\u00e9e<\/strong>. La r\u00e9gion offre un <strong>environnement dynamique<\/strong>, propice au d\u00e9veloppement industriel de la plasturgie et des secteurs li\u00e9s comme la fabrication de moules m\u00e9talliques.<\/p>\n\n\n\n<button data-fancybox=\"\" data-src=\"#region-agreable\">En savoir plus<\/button>\n<\/div>\n\n\n\n<div class=\"wp-block-column is-layout-flow wp-block-column-is-layout-flow\">\n<figure class=\"wp-block-image size-large\"><img loading=\"lazy\" decoding=\"async\" width=\"1024\" height=\"415\" src=\"https:\/\/www.dmm.fr\/wp-content\/uploads\/\/dmm-clm_2000px-1024x415.jpg\" alt=\"DMM CLM - sp\u00e9cialiste de la r\u00e9alisation de moules m\u00e9talliques de grandes dimensions\" class=\"wp-image-811\" srcset=\"https:\/\/www.dmm.fr\/wp-content\/uploads\/dmm-clm_2000px-1024x415.jpg 1024w, https:\/\/www.dmm.fr\/wp-content\/uploads\/dmm-clm_2000px-300x122.jpg 300w, https:\/\/www.dmm.fr\/wp-content\/uploads\/dmm-clm_2000px-768x311.jpg 768w, https:\/\/www.dmm.fr\/wp-content\/uploads\/dmm-clm_2000px-1536x622.jpg 1536w, https:\/\/www.dmm.fr\/wp-content\/uploads\/dmm-clm_2000px.jpg 2000w\" sizes=\"auto, (max-width: 1024px) 100vw, 1024px\" \/><\/figure>\n\n\n\n<h2 class=\"wp-block-heading\">Le d\u00e9veloppement durable int\u00e9gr\u00e9 \u00e0 l\u2019entreprise<\/h2>\n\n\n\n<p>Nos moules sont <strong>con\u00e7us, fabriqu\u00e9s et test\u00e9s en France<\/strong>, leur transport est ainsi consid\u00e9rablement r\u00e9duit. L\u2019empreinte carbone de notre production est de ce fait bien moins importante que si nos moules grandes dimensions \u00e9taient livr\u00e9s depuis l\u2019Asie ou l\u2019Europe de l\u2019est.<\/p>\n\n\n\n<button data-fancybox=\"\" data-src=\"#developpement-durable\">En savoir plus<\/button>\n<\/div>\n<\/div>\n\n\n\n<div id=\"region-agreable\" class=\"wp-block-group html_none html_fancybox\"><div class=\"wp-block-group__inner-container is-layout-flow wp-block-group-is-layout-flow\">\n<div class=\"wp-block-media-text alignwide is-stacked-on-mobile is-vertically-aligned-center is-image-fill-element\"><figure class=\"wp-block-media-text__media\"><img loading=\"lazy\" decoding=\"async\" width=\"1024\" height=\"887\" src=\"https:\/\/www.dmm.fr\/wp-content\/uploads\/\/dmm-vue-montagne-1024x887.jpg\" alt=\"Dmm vue montagne\" class=\"wp-image-2809 size-full\" style=\"object-position:50% 50%\" srcset=\"https:\/\/www.dmm.fr\/wp-content\/uploads\/dmm-vue-montagne-1024x887.jpg 1024w, https:\/\/www.dmm.fr\/wp-content\/uploads\/dmm-vue-montagne-300x260.jpg 300w, https:\/\/www.dmm.fr\/wp-content\/uploads\/dmm-vue-montagne-768x666.jpg 768w, https:\/\/www.dmm.fr\/wp-content\/uploads\/dmm-vue-montagne-1536x1331.jpg 1536w, https:\/\/www.dmm.fr\/wp-content\/uploads\/dmm-vue-montagne.jpg 1860w\" sizes=\"auto, (max-width: 1024px) 100vw, 1024px\" \/><\/figure><div class=\"wp-block-media-text__content\">\n<h2 class=\"wp-block-heading\">Une r\u00e9gion agr\u00e9able et dynamique aux pieds des montagne<\/h2>\n\n\n\n<p><a href=\"https:\/\/www.dmm.fr\/entreprise\/historique\/\" data-type=\"page\" data-id=\"5\">Depuis sa cr\u00e9ation en 1990<\/a>, DMM est implant\u00e9e au c\u0153ur du <strong>Haut-Bugey<\/strong>, dans le bassin de la <strong>Plastics Vall\u00e9e<\/strong>. La r\u00e9gion offre <strong>un environnement dynamique<\/strong>, propice au d\u00e9veloppement industriel de la plasturgie et des secteurs li\u00e9s comme la fabrication de moules m\u00e9talliques.<\/p>\n\n\n\n<p>Le d\u00e9partement de l\u2019Ain se caract\u00e9rise aussi par <strong>un cadre de vie agr\u00e9able<\/strong> et une proximit\u00e9 directe avec les stations de ski alpines et les grandes villes (Lyon et Gen\u00e8ve). S\u2019installer en p\u00e9riph\u00e9rie d\u2019Oyonnax, c\u2019est faire le choix du calme de la campagne tout en conservant l\u2019avantage des infrastructures des grandes m\u00e9tropoles.<\/p>\n\n\n\n<p>Le Haut-Bugey est \u00e9galement un territoire sportif : ski de fond, VTT, aviron, randonn\u00e9e\u2026 Les montagnes, les lacs et les for\u00eats permettent la pratique d\u2019activit\u00e9s physiques en ext\u00e9rieur, aussi bien l\u2019\u00e9t\u00e9 que l\u2019hiver.<\/p>\n\n\n\n<p><strong>La Plastics Vall\u00e9e vous apportera un confort de vie au quotidien pour vous et votre famille.<\/strong><\/p>\n<\/div><\/div>\n<\/div><\/div>\n\n\n\n<div id=\"developpement-durable\" class=\"wp-block-group html_none html_fancybox\"><div class=\"wp-block-group__inner-container is-layout-flow wp-block-group-is-layout-flow\">\n<div class=\"wp-block-media-text alignwide is-stacked-on-mobile is-vertically-aligned-center is-image-fill-element media_full\"><figure class=\"wp-block-media-text__media\"><img loading=\"lazy\" decoding=\"async\" width=\"1024\" height=\"415\" src=\"https:\/\/www.dmm.fr\/wp-content\/uploads\/\/dmm-clm_2000px-1024x415.jpg\" alt=\"DMM CLM - sp\u00e9cialiste de la r\u00e9alisation de moules m\u00e9talliques de grandes dimensions\" class=\"wp-image-811 size-full\" style=\"object-position:50% 50%\" srcset=\"https:\/\/www.dmm.fr\/wp-content\/uploads\/dmm-clm_2000px-1024x415.jpg 1024w, https:\/\/www.dmm.fr\/wp-content\/uploads\/dmm-clm_2000px-300x122.jpg 300w, https:\/\/www.dmm.fr\/wp-content\/uploads\/dmm-clm_2000px-768x311.jpg 768w, https:\/\/www.dmm.fr\/wp-content\/uploads\/dmm-clm_2000px-1536x622.jpg 1536w, https:\/\/www.dmm.fr\/wp-content\/uploads\/dmm-clm_2000px.jpg 2000w\" sizes=\"auto, (max-width: 1024px) 100vw, 1024px\" \/><\/figure><div class=\"wp-block-media-text__content\">\n<h2 class=\"wp-block-heading\">Le d\u00e9veloppement durable int\u00e9gr\u00e9 \u00e0 l\u2019entreprise<\/h2>\n\n\n\n<div class=\"wp-block-group liste_check\"><div class=\"wp-block-group__inner-container is-layout-flow wp-block-group-is-layout-flow\">\n<h3 class=\"wp-block-heading\">Une fabrication fran\u00e7aise qui r\u00e9duit les distances de transport<\/h3>\n\n\n\n<p>Nos moules sont <strong>con\u00e7us, fabriqu\u00e9s et test\u00e9s en France<\/strong>, leur transport est ainsi consid\u00e9rablement r\u00e9duit. L\u2019empreinte carbone de notre production est de ce fait bien moins importante que si nos moules grandes dimensions \u00e9taient livr\u00e9s depuis l\u2019Asie ou l\u2019Europe de l\u2019est.<\/p>\n<\/div><\/div>\n\n\n\n<div class=\"wp-block-group liste_check\"><div class=\"wp-block-group__inner-container is-layout-flow wp-block-group-is-layout-flow\">\n<h3 class=\"wp-block-heading\">Des moules m\u00e9talliques adaptables et r\u00e9parables pour \u00e9viter la surproduction<\/h3>\n\n\n\n<p>Nos \u00e9quipes con\u00e7oivent des moules m\u00e9talliques en anticipant leur r\u00e9parabilit\u00e9 et leur dur\u00e9e de vie. De cette mani\u00e8re, les outillages produits par DMM <strong>durent plus longtemps<\/strong> que ceux de leurs concurrents.<\/p>\n<\/div><\/div>\n\n\n\n<div class=\"wp-block-group liste_check\"><div class=\"wp-block-group__inner-container is-layout-flow wp-block-group-is-layout-flow\">\n<h3 class=\"wp-block-heading\">Le recyclage int\u00e9gr\u00e9 \u00e0 la vie d\u2019entreprise<\/h3>\n\n\n\n<p>Le recyclage est compl\u00e8tement int\u00e9gr\u00e9 au fonctionnement de DMM. <strong>Les diff\u00e9rents d\u00e9chets sont tri\u00e9s<\/strong> afin d\u2019\u00eatre revaloris\u00e9s lorsque cela est possible. Ce syst\u00e8me de recyclage se fait aujourd\u2019hui de mani\u00e8re tr\u00e8s naturelle, il est organis\u00e9 via un code couleur d\u00e9fini et une signal\u00e9tique bien visible dans les ateliers.<\/p>\n<\/div><\/div>\n<\/div><\/div>\n<\/div><\/div>\n<\/div><\/div>\n\n\n\n<a href=\"#nos-offres\" class=\"button_offres\">Nos offres<\/a>\n\n\n\n<div class=\"wp-block-group cand_spont\"><div class=\"wp-block-group__inner-container is-layout-flow wp-block-group-is-layout-flow\">\n<h2 class=\"wp-block-heading\">Candidature spontan\u00e9e<\/h2>\n\n\n\n<div id=\"recrutement-2\">\n<div class=\"btn-link\">Vous avez un profil technique et des comp\u00e9tences \u00e0 nous apporter ?<br>N\u2019h\u00e9sitez pas \u00e0 nous faire parvenir votre CV en cliquant ici.<\/div>\n<div class=\"ctn-form-recrutement erase-space-inline-block\">\n<div class=\"wpcf7 no-js\" id=\"wpcf7-f649-o1\" lang=\"fr-FR\" dir=\"ltr\" data-wpcf7-id=\"649\">\n<div class=\"screen-reader-response\"><p role=\"status\" aria-live=\"polite\" aria-atomic=\"true\"><\/p> <ul><\/ul><\/div>\n<form action=\"\/en\/wp-json\/wp\/v2\/pages\/932#wpcf7-f649-o1\" method=\"post\" class=\"wpcf7-form init\" aria-label=\"Formulaire de contact\" enctype=\"multipart\/form-data\" novalidate=\"novalidate\" data-status=\"init\">\n<fieldset class=\"hidden-fields-container\"><input type=\"hidden\" name=\"_wpcf7\" value=\"649\" \/><input type=\"hidden\" name=\"_wpcf7_version\" value=\"6.1.2\" \/><input type=\"hidden\" name=\"_wpcf7_locale\" value=\"fr_FR\" \/><input type=\"hidden\" name=\"_wpcf7_unit_tag\" value=\"wpcf7-f649-o1\" \/><input type=\"hidden\" name=\"_wpcf7_container_post\" value=\"0\" \/><input type=\"hidden\" name=\"_wpcf7_posted_data_hash\" value=\"\" \/><input type=\"hidden\" name=\"_wpcf7dtx_version\" value=\"5.0.3\" \/><input type=\"hidden\" name=\"_wpcf7_recaptcha_response\" value=\"\" \/>\n<\/fieldset>\n<div class=\"champs  restore-space-inline-block\">\n\t<p><label>Nom *<\/label><span class=\"wpcf7-form-control-wrap\" data-name=\"nom\"><input size=\"40\" maxlength=\"400\" class=\"wpcf7-form-control wpcf7-text wpcf7-validates-as-required\" aria-required=\"true\" aria-invalid=\"false\" value=\"\" type=\"text\" name=\"nom\" \/><\/span>\n\t<\/p>\n<\/div>\n<div class=\"champs restore-space-inline-block even\">\n\t<p><label>Pr\u00e9nom <\/label><span class=\"wpcf7-form-control-wrap\" data-name=\"prenom\"><input size=\"40\" maxlength=\"400\" class=\"wpcf7-form-control wpcf7-text\" aria-invalid=\"false\" value=\"\" type=\"text\" name=\"prenom\" \/><\/span>\n\t<\/p>\n<\/div>\n<div class=\"champs restore-space-inline-block\">\n\t<p><label>Email *<\/label><span class=\"wpcf7-form-control-wrap\" data-name=\"email\"><input size=\"40\" maxlength=\"400\" class=\"wpcf7-form-control wpcf7-email wpcf7-validates-as-required wpcf7-text wpcf7-validates-as-email\" aria-required=\"true\" aria-invalid=\"false\" value=\"\" type=\"email\" name=\"email\" \/><\/span>\n\t<\/p>\n<\/div>\n<div class=\"champs restore-space-inline-block even\">\n\t<p><label>T\u00e9l <\/label><span class=\"wpcf7-form-control-wrap\" data-name=\"telephone\"><input size=\"40\" maxlength=\"400\" class=\"wpcf7-form-control wpcf7-tel wpcf7-text wpcf7-validates-as-tel\" aria-invalid=\"false\" value=\"\" type=\"tel\" name=\"telephone\" \/><\/span>\n\t<\/p>\n<\/div>\n<div class=\"champs restore-space-inline-block \">\n\t<p><label>CV <\/label><span class=\"wpcf7-form-control-wrap\" data-name=\"cv\"><input size=\"40\" class=\"wpcf7-form-control wpcf7-file wpcf7-validates-as-required\" accept=\"image\/*,.txt,application\/pdf\" aria-required=\"true\" aria-invalid=\"false\" type=\"file\" name=\"cv\" \/><\/span>\n\t<\/p>\n<\/div>\n<div class=\"champs restore-space-inline-block even\">\n\t<p><label>Lettre de motivation<\/label><span class=\"wpcf7-form-control-wrap\" data-name=\"lettr-motivation\"><input size=\"40\" class=\"wpcf7-form-control wpcf7-file wpcf7-validates-as-required\" accept=\"image\/*,.txt,application\/pdf\" aria-required=\"true\" aria-invalid=\"false\" type=\"file\" name=\"lettr-motivation\" \/><\/span>\n\t<\/p>\n<\/div>\n<div class=\"restore-space-inline-block\">\n\t<div class=\"champs-textarea\">\n\t\t<p><label>Message *<\/label><span class=\"wpcf7-form-control-wrap\" data-name=\"message\"><textarea cols=\"40\" rows=\"6\" maxlength=\"2000\" class=\"wpcf7-form-control wpcf7-textarea wpcf7-validates-as-required\" aria-required=\"true\" aria-invalid=\"false\" name=\"message\"><\/textarea><\/span><small>* Champs requis<\/small>\n\t\t<\/p>\n\t<\/div>\n<\/div>\n<div class=\"champs check-rgpd message restore-space-inline-block\">\n\t<p><span class=\"wpcf7-form-control-wrap\" data-name=\"checkbox-704\"><span class=\"wpcf7-form-control wpcf7-checkbox wpcf7-validates-as-required\"><span class=\"wpcf7-list-item first last\"><input type=\"checkbox\" name=\"checkbox-704[]\" value=\"En utilisant ce formulaire, j&#039;accepte la transmission et la conservation de ces donn\u00e9es\" \/><span class=\"wpcf7-list-item-label\">En utilisant ce formulaire, j&#039;accepte la transmission et la conservation de ces donn\u00e9es<\/span><\/span><\/span><\/span>\n\t<\/p>\n<\/div>\n<p>[anr_nocaptcha g-recaptcha-response]\n<\/p>\n<div class=\"submit-container restore-space-inline-block \">\n\t<p><div class=\"cf7-cf-turnstile\" style=\"margin-top: 0px; margin-bottom: -15px;\"> <div id=\"cf-turnstile-cf7-4294272038\" class=\"cf-turnstile\" data-sitekey=\"0x4AAAAAABkfcB6o2nrL22lR\" data-theme=\"light\" data-language=\"auto\" data-size=\"normal\" data-retry=\"auto\" data-retry-interval=\"1000\" data-action=\"contact-form-7\" data-appearance=\"always\"><\/div> <script>document.addEventListener(\"DOMContentLoaded\", function() { setTimeout(function(){ var e=document.getElementById(\"cf-turnstile-cf7-4294272038\"); e&&!e.innerHTML.trim()&&(turnstile.remove(\"#cf-turnstile-cf7-4294272038\"), turnstile.render(\"#cf-turnstile-cf7-4294272038\", {sitekey:\"0x4AAAAAABkfcB6o2nrL22lR\"})); }, 0); });<\/script> <br class=\"cf-turnstile-br cf-turnstile-br-cf7-4294272038\"> <style>#cf-turnstile-cf7-4294272038 { margin-left: -15px; }<\/style> <script>document.addEventListener(\"DOMContentLoaded\",function(){document.querySelectorAll('.wpcf7-form').forEach(function(e){e.addEventListener('submit',function(){if(document.getElementById('cf-turnstile-cf7-4294272038')){setTimeout(function(){turnstile.reset('#cf-turnstile-cf7-4294272038');},1000)}})})});<\/script> <\/div><br\/><input class=\"wpcf7-form-control wpcf7-submit has-spinner\" type=\"submit\" value=\"Envoyer\" \/>\n\t<\/p>\n<\/div><div class=\"wpcf7-response-output\" aria-hidden=\"true\"><\/div>\n<\/form>\n<\/div>\n<\/div>\n<\/div>\n<\/div><\/div>\n","protected":false},"excerpt":{"rendered":"<p>DMM est le sp\u00e9cialiste fran\u00e7ais du moule m\u00e9tallique grande dimension. Au-del\u00e0 de l\u2019activit\u00e9 de<\/p>\n","protected":false},"author":1,"featured_media":0,"parent":916,"menu_order":3,"comment_status":"closed","ping_status":"closed","template":"","meta":{"footnotes":""},"class_list":["post-932","page","type-page","status-publish","hentry"],"_links":{"self":[{"href":"https:\/\/www.dmm.fr\/en\/wp-json\/wp\/v2\/pages\/932","targetHints":{"allow":["GET"]}}],"collection":[{"href":"https:\/\/www.dmm.fr\/en\/wp-json\/wp\/v2\/pages"}],"about":[{"href":"https:\/\/www.dmm.fr\/en\/wp-json\/wp\/v2\/types\/page"}],"author":[{"embeddable":true,"href":"https:\/\/www.dmm.fr\/en\/wp-json\/wp\/v2\/users\/1"}],"replies":[{"embeddable":true,"href":"https:\/\/www.dmm.fr\/en\/wp-json\/wp\/v2\/comments?post=932"}],"version-history":[{"count":4,"href":"https:\/\/www.dmm.fr\/en\/wp-json\/wp\/v2\/pages\/932\/revisions"}],"predecessor-version":[{"id":3228,"href":"https:\/\/www.dmm.fr\/en\/wp-json\/wp\/v2\/pages\/932\/revisions\/3228"}],"up":[{"embeddable":true,"href":"https:\/\/www.dmm.fr\/en\/wp-json\/wp\/v2\/pages\/916"}],"wp:attachment":[{"href":"https:\/\/www.dmm.fr\/en\/wp-json\/wp\/v2\/media?parent=932"}],"curies":[{"name":"wp","href":"https:\/\/api.w.org\/{rel}","templated":true}]}}