{"id":2287,"date":"2020-12-07T12:23:19","date_gmt":"2020-12-07T11:23:19","guid":{"rendered":"https:\/\/www.dmm.fr\/?page_id=2287"},"modified":"2022-11-23T17:01:58","modified_gmt":"2022-11-23T16:01:58","slug":"fraesen-grosser-formate","status":"publish","type":"page","link":"https:\/\/www.dmm.fr\/de\/auftragsfertigung\/fraesen-grosser-formate\/","title":{"rendered":"Fr\u00e4sen gro\u00dfer Formate"},"content":{"rendered":"\n<h3 class=\"has-text-align-center wp-block-heading\"><a rel=\"noreferrer noopener\" href=\"https:\/\/www.dmm.fr\/entreprise\/contact-dmm-clm\/\" target=\"_blank\">Ein Angebot anfordern<\/a><\/h3>\n\n\n\n<p><\/p>\n\n\n\n<div class=\"wp-block-group\"><div class=\"wp-block-group__inner-container is-layout-flow wp-block-group-is-layout-flow\">\n<p class=\"has-text-align-center\">Moderne Werkzeugmaschinen (2D; 3D; 5 Achsen) f\u00fcr das Fr\u00e4sen :<\/p>\n\n\n\n<p class=\"has-text-align-center\">&#8211; Pi\u00e8ces moul\u00e9es et forg\u00e9es<\/p>\n\n\n\n<p class=\"has-text-align-center\">&#8211; Komplex bearbeitete mechanische Teile<\/p>\n\n\n\n<p class=\"has-text-align-center\">&#8211; Gro\u00dfe geschwei\u00dfte Rahmen<\/p>\n<\/div><\/div>\n\n\n\n<p class=\"has-text-align-center\">Pr\u00e4zisions-CNC-Fr\u00e4smaschinen und ein leistungsstarkes Team f\u00fcr Qualit\u00e4tsarbeit, die Ihren Erwartungen entspricht.<\/p>\n\n\n\n<p><\/p>\n","protected":false},"excerpt":{"rendered":"<p>Ein Angebot anfordern Moderne Werkzeugmaschinen (2D; 3D; 5 Achsen) f\u00fcr das Fr\u00e4sen : &#8211;<\/p>\n","protected":false},"author":3,"featured_media":2656,"parent":1089,"menu_order":4,"comment_status":"closed","ping_status":"closed","template":"page-templates\/page-big-img.php","meta":{"footnotes":""},"class_list":["post-2287","page","type-page","status-publish","has-post-thumbnail","hentry"],"_links":{"self":[{"href":"https:\/\/www.dmm.fr\/de\/wp-json\/wp\/v2\/pages\/2287","targetHints":{"allow":["GET"]}}],"collection":[{"href":"https:\/\/www.dmm.fr\/de\/wp-json\/wp\/v2\/pages"}],"about":[{"href":"https:\/\/www.dmm.fr\/de\/wp-json\/wp\/v2\/types\/page"}],"author":[{"embeddable":true,"href":"https:\/\/www.dmm.fr\/de\/wp-json\/wp\/v2\/users\/3"}],"replies":[{"embeddable":true,"href":"https:\/\/www.dmm.fr\/de\/wp-json\/wp\/v2\/comments?post=2287"}],"version-history":[{"count":2,"href":"https:\/\/www.dmm.fr\/de\/wp-json\/wp\/v2\/pages\/2287\/revisions"}],"predecessor-version":[{"id":2658,"href":"https:\/\/www.dmm.fr\/de\/wp-json\/wp\/v2\/pages\/2287\/revisions\/2658"}],"up":[{"embeddable":true,"href":"https:\/\/www.dmm.fr\/de\/wp-json\/wp\/v2\/pages\/1089"}],"wp:featuredmedia":[{"embeddable":true,"href":"https:\/\/www.dmm.fr\/de\/wp-json\/wp\/v2\/media\/2656"}],"wp:attachment":[{"href":"https:\/\/www.dmm.fr\/de\/wp-json\/wp\/v2\/media?parent=2287"}],"curies":[{"name":"wp","href":"https:\/\/api.w.org\/{rel}","templated":true}]}}