{"id":1137,"date":"2017-11-30T17:59:47","date_gmt":"2017-11-30T16:59:47","guid":{"rendered":"https:\/\/www.dmm.fr\/?page_id=1137"},"modified":"2020-12-03T15:49:36","modified_gmt":"2020-12-03T14:49:36","slug":"spritzgiessen-oder-formpressen-von-verbundmaterialien","status":"publish","type":"page","link":"https:\/\/www.dmm.fr\/de\/technologien\/spritzgiessen-oder-formpressen-von-verbundmaterialien\/","title":{"rendered":"Spritzgie\u00dfen oder Formpressen von Verbundmaterialien"},"content":{"rendered":"<div id=\"injection-2\" class=\"text-center ctn-padding div-bg-grey\">\n<div class=\"inner-wrap-block big-sentence \">\n<p>Unsere <strong>Erfahrung <\/strong>auf diesem Gebiet ist Ihren Bed\u00fcrfnissen angepasst und erstreckt sich auf <strong>s\u00e4mtliche Wirtschafts- und Industriebereiche<\/strong>:<\/p>\n<\/div>\n<ul class=\"list-secteurs\">\n<li id=\"secteur-transport\" class=\"before-sprite\">Transports\n<div class=\"more\">Formen f\u00fcr <strong>Sicht- und Strukturteile f\u00fcr die Automobilindustrie<\/strong>, jedoch auch f\u00fcr den <strong>Bau von Lastkraftwagen, Bussen und Landwirt\u00adschaftsmaschinen mit gro\u00dfformatigen Sicht- und Strukturteilen<\/strong>.\n<\/div>\n<\/li>\n<li id=\"secteur-industrie\" class=\"before-sprite\">Industrie\n<div class=\"more\">Formen f\u00fcr <strong>technische Teile mit komplexen Kinematiken<\/strong>, die eine Integration mehrerer Funktionen in die Produkte erm\u00f6glichen. <\/div>\n<\/li>\n<li id=\"secteur-manutention\" class=\"before-sprite\">Handling und Verpackung\n<div class=\"more\"><strong>Gro\u00dfformatige Ein- oder Mehrfachformen<\/strong> je nach angestrebter Produktivit\u00e4t.<\/div>\n<\/li>\n<\/ul>\n<p class=\"big-sentence inner-wrap-block\">&#8230; jedoch auch auf jegliche anderen Bereiche, in denen das <strong>Spritzgie\u00dfen oder Formpressen von Verbundmaterialien optimale L\u00f6sungen<\/strong> bietet. <\/p>\n<\/div>\n<div id=\"injection-3\" class=\"erase-space-inline-block\">\n<div class=\"matiere-transformee div-bg-grey-dark restore-space-inline-block\">\n<h2>In unseren Formen verarbeitete Materialien<\/h2>\n<ul class=\"arrow-list white-arrow-list list-deux-colonnes\">\n<li>SMC-HP<\/li>\n<li>SMC-BP<\/li>\n<li>BMC<\/li>\n<li>RTM<\/li>\n<li>RIM<\/li>\n<li>Mehrschicht-Verbundmaterialien<\/li>\n<\/ul>\n<\/div>\n<div class=\"matiere-transformee div-bg-blue  restore-space-inline-block\">\n<h2>Kontakt<\/h2>\n<p><span>Wenn Sie n\u00e4here Ausk\u00fcnfte ben\u00f6tigen, k\u00f6nnen Sie sich gern an uns wenden.<\/span><br>\n<a href=\"https:\/\/www.dmm.fr\/entreprise\/contact-dmm-clm\/\">&gt;&gt; Kontakt DMM<\/a>\n<\/p>\n<\/div>\n<\/div>\n\n\n<p><\/p>\n","protected":false},"excerpt":{"rendered":"<p>Unsere Erfahrung auf diesem Gebiet ist Ihren Bed\u00fcrfnissen angepasst und erstreckt sich auf s\u00e4mtliche<\/p>\n","protected":false},"author":1,"featured_media":804,"parent":1054,"menu_order":1,"comment_status":"closed","ping_status":"closed","template":"page-templates\/page-big-img.php","meta":{"footnotes":""},"class_list":["post-1137","page","type-page","status-publish","has-post-thumbnail","hentry"],"_links":{"self":[{"href":"https:\/\/www.dmm.fr\/de\/wp-json\/wp\/v2\/pages\/1137","targetHints":{"allow":["GET"]}}],"collection":[{"href":"https:\/\/www.dmm.fr\/de\/wp-json\/wp\/v2\/pages"}],"about":[{"href":"https:\/\/www.dmm.fr\/de\/wp-json\/wp\/v2\/types\/page"}],"author":[{"embeddable":true,"href":"https:\/\/www.dmm.fr\/de\/wp-json\/wp\/v2\/users\/1"}],"replies":[{"embeddable":true,"href":"https:\/\/www.dmm.fr\/de\/wp-json\/wp\/v2\/comments?post=1137"}],"version-history":[{"count":7,"href":"https:\/\/www.dmm.fr\/de\/wp-json\/wp\/v2\/pages\/1137\/revisions"}],"predecessor-version":[{"id":2253,"href":"https:\/\/www.dmm.fr\/de\/wp-json\/wp\/v2\/pages\/1137\/revisions\/2253"}],"up":[{"embeddable":true,"href":"https:\/\/www.dmm.fr\/de\/wp-json\/wp\/v2\/pages\/1054"}],"wp:featuredmedia":[{"embeddable":true,"href":"https:\/\/www.dmm.fr\/de\/wp-json\/wp\/v2\/media\/804"}],"wp:attachment":[{"href":"https:\/\/www.dmm.fr\/de\/wp-json\/wp\/v2\/media?parent=1137"}],"curies":[{"name":"wp","href":"https:\/\/api.w.org\/{rel}","templated":true}]}}