{"id":1128,"date":"2017-11-30T17:50:42","date_gmt":"2017-11-30T16:50:42","guid":{"rendered":"https:\/\/www.dmm.fr\/?page_id=1128"},"modified":"2020-12-03T15:41:05","modified_gmt":"2020-12-03T14:41:05","slug":"sonstige-sektoren","status":"publish","type":"page","link":"https:\/\/www.dmm.fr\/de\/sektoren\/sonstige-sektoren\/","title":{"rendered":"Sonstige Sektoren"},"content":{"rendered":"<div class=\"chapo\">\n\nDank unseres <strong>umfassenden Maschinenparks<\/strong> und unserer <strong>weitreichenden Erfahrung<\/strong> sind wir in der Lage, verschiedensten Anspr\u00fcchen aus zahlreichen Sektoren nachzukommen, wie:  <strong>Gartenbau, Freizeit, Sport, Haushaltsartikel<\/strong> usw.\n<p class=\"example\">Beispiel: Sonnenliegen, Gemeindetische, G\u00e4rtnerk\u00f6rbe, Schwimmbadrutschen usw.<\/p>\n\n<\/div>\n<div class=\"visuel_interactif\" id=\"autres-secteurs\">\n<div id=\"BulletImage\">\n    \t<img loading=\"lazy\" decoding=\"async\" src=\"https:\/\/www.dmm.fr\/wp-content\/uploads\/image_interactive_autres_secteurs.jpg\" alt=\"DMM in Gartenbau, Freizeit, Sport, Haushaltsartikel\" width=\"1000\" height=\"587\" class=\"aligncenter size-full wp-image-850\" srcset=\"https:\/\/www.dmm.fr\/wp-content\/uploads\/image_interactive_autres_secteurs.jpg 1000w, https:\/\/www.dmm.fr\/wp-content\/uploads\/image_interactive_autres_secteurs-300x176.jpg 300w, https:\/\/www.dmm.fr\/wp-content\/uploads\/image_interactive_autres_secteurs-768x451.jpg 768w\" sizes=\"auto, (max-width: 1000px) 100vw, 1000px\" \/>\n<div class=\"point\" id=\"point1\">\n<div class=\"Plus\">+<\/div>\n<span class=\"BgPoint Bg1\"><\/span>\n<span class=\"BgPoint Bg2\"><\/span>\n\n<\/div>\n<div class=\"point\" id=\"point2\">\n<div class=\"Plus\">+<\/div>\n<span class=\"BgPoint Bg1\"><\/span>\n<span class=\"BgPoint Bg2\"><\/span>\n\n<\/div>\n<div class=\"point\" id=\"point3\">\n<div class=\"Plus\">+<\/div>\n<span class=\"BgPoint Bg1\"><\/span>\n<span class=\"BgPoint Bg2\"><\/span>\n\n<\/div>\n<\/div>\n<div class=\"InfoBulle\" id=\"bulle_point1\">\n<div class=\"bloc\" id=\"bloc1\">\n<div class=\"titre\">Form f\u00fcr G\u00e4rterk\u00f6rbe<\/div>\n<ul>\n \t<li><strong>Gewicht<\/strong>: 4T<\/li>\n \t<li><strong>Abmessungen<\/strong>: 800x600x700<\/li>\n \t<li><strong>Technologie<\/strong>: Hochdruck-Spritzgie\u00dfen<\/li>\n<\/ul>\n<\/div>\n<\/div>\n<div class=\"InfoBulle\" id=\"bulle_point2\">\n<div class=\"bloc\" id=\"bloc2\">\n<div class=\"titre\">Form f\u00fcr Tisch<\/div>\n<ul>\n \t<li><strong>Gewicht<\/strong>: 4,4T<\/li>\n \t<li><strong>Abmessungen<\/strong>: 1980x940x820<\/li>\n \t<li><strong>Technologie<\/strong>: Extrusions-Blasformen<\/li>\n<\/ul>\n<\/div>\n<\/div>\n<div class=\"InfoBulle\" id=\"bulle_point3\">\n<div class=\"bloc\" id=\"bloc3\">\n<div class=\"titre\">Form f\u00fcr Gartenstuhl<\/div>\n<ul>\n \t<li><strong>Gewicht<\/strong>: 16T<\/li>\n \t<li><strong>Abmessungen<\/strong>: 1500x1100x1170<\/li>\n \t<li><strong>Technologie<\/strong>: Spritzgie\u00dfen in verschiedenen Ausf\u00fchrungen<\/li>\n<\/ul>\n<\/div>\n<\/div>\n<\/div>","protected":false},"excerpt":{"rendered":"<p>Dank unseres umfassenden Maschinenparks und unserer weitreichenden Erfahrung sind wir in der Lage, verschiedensten<\/p>\n","protected":false},"author":1,"featured_media":0,"parent":1052,"menu_order":4,"comment_status":"closed","ping_status":"closed","template":"","meta":{"footnotes":""},"class_list":["post-1128","page","type-page","status-publish","hentry"],"_links":{"self":[{"href":"https:\/\/www.dmm.fr\/de\/wp-json\/wp\/v2\/pages\/1128","targetHints":{"allow":["GET"]}}],"collection":[{"href":"https:\/\/www.dmm.fr\/de\/wp-json\/wp\/v2\/pages"}],"about":[{"href":"https:\/\/www.dmm.fr\/de\/wp-json\/wp\/v2\/types\/page"}],"author":[{"embeddable":true,"href":"https:\/\/www.dmm.fr\/de\/wp-json\/wp\/v2\/users\/1"}],"replies":[{"embeddable":true,"href":"https:\/\/www.dmm.fr\/de\/wp-json\/wp\/v2\/comments?post=1128"}],"version-history":[{"count":2,"href":"https:\/\/www.dmm.fr\/de\/wp-json\/wp\/v2\/pages\/1128\/revisions"}],"predecessor-version":[{"id":2246,"href":"https:\/\/www.dmm.fr\/de\/wp-json\/wp\/v2\/pages\/1128\/revisions\/2246"}],"up":[{"embeddable":true,"href":"https:\/\/www.dmm.fr\/de\/wp-json\/wp\/v2\/pages\/1052"}],"wp:attachment":[{"href":"https:\/\/www.dmm.fr\/de\/wp-json\/wp\/v2\/media?parent=1128"}],"curies":[{"name":"wp","href":"https:\/\/api.w.org\/{rel}","templated":true}]}}