{"id":1126,"date":"2017-11-30T17:43:11","date_gmt":"2017-11-30T16:43:11","guid":{"rendered":"https:\/\/www.dmm.fr\/?page_id=1126"},"modified":"2020-12-03T15:35:23","modified_gmt":"2020-12-03T14:35:23","slug":"handling-und-verpackung","status":"publish","type":"page","link":"https:\/\/www.dmm.fr\/de\/sektoren\/handling-und-verpackung\/","title":{"rendered":"Handling und Verpackung"},"content":{"rendered":"<div class=\"chapo\">\n\nMit unserer <strong>Expertise <\/strong>bereichern wir Produkte, die im <strong>Handling und in der Logistik<\/strong> eingesetzt werden (Paletten, Faltkisten). Unsere Kunden profitieren von <strong>unseren Kompetenzen und unserer Optimierf\u00e4higkeit<\/strong> im Bereich <strong>gro\u00dfformatiger Werkzeuge<\/strong> und\/oder Etagenformen.\n<p class=\"example\">Beispiel: Faltkisten, GALIA-Kisten, Einwegpaletten, Handling-Paletten, Abfallcontainer, Auffangbeh\u00e4lter, Verpackungsbeh\u00e4lter und deckel (in allen Gr\u00f6\u00dfen) usw.<\/p>\n\n<\/div>\n<div class=\"visuel_interactif\" id=\"conditionnement\">\n<div id=\"BulletImage\">\n    \t<img loading=\"lazy\" decoding=\"async\" src=\"https:\/\/www.dmm.fr\/wp-content\/uploads\/image_interactive_conditionnement.jpg\" alt=\"DMM in Handling und Verpackung sektoren\" width=\"1000\" height=\"587\" class=\"aligncenter size-full wp-image-852\" srcset=\"https:\/\/www.dmm.fr\/wp-content\/uploads\/image_interactive_conditionnement.jpg 1000w, https:\/\/www.dmm.fr\/wp-content\/uploads\/image_interactive_conditionnement-300x176.jpg 300w, https:\/\/www.dmm.fr\/wp-content\/uploads\/image_interactive_conditionnement-768x451.jpg 768w\" sizes=\"auto, (max-width: 1000px) 100vw, 1000px\" \/>\n<div class=\"point\" id=\"point1\">\n<div class=\"Plus\">+<\/div>\n<span class=\"BgPoint Bg1\"><\/span>\n<span class=\"BgPoint Bg2\"><\/span>\n\n<\/div>\n<div class=\"point\" id=\"point2\">\n<div class=\"Plus\">+<\/div>\n<span class=\"BgPoint Bg1\"><\/span>\n<span class=\"BgPoint Bg2\"><\/span>\n\n<\/div>\n<div class=\"point\" id=\"point3\">\n<div class=\"Plus\">+<\/div>\n<span class=\"BgPoint Bg1\"><\/span>\n<span class=\"BgPoint Bg2\"><\/span>\n\n<\/div>\n<\/div>\n<div class=\"InfoBulle\" id=\"bulle_point1\">\n<div class=\"bloc\" id=\"bloc1\">\n<div class=\"titre\">Form f\u00fcr Paletten<\/div>\n<ul>\n \t<li><strong>Gewicht<\/strong>: 10T<\/li>\n \t<li><strong>Abmessungen<\/strong>: 2520x1450x723<\/li>\n \t<li><strong>Technologie<\/strong>: Niederdruck-Spritzgie\u00dfen<\/li>\n<\/ul>\n<\/div>\n<\/div>\n<div class=\"InfoBulle\" id=\"bulle_point2\">\n<div class=\"bloc\" id=\"bloc2\">\n<div class=\"titre\">Form f\u00fcr Kistendeckel<\/div>\n<ul>\n \t<li><strong>Gewicht<\/strong>: 15,5T<\/li>\n \t<li><strong>Abmessungen<\/strong>: 1770x1510x978<\/li>\n \t<li><strong>Technologie<\/strong>: Spritzgie\u00dfen<\/li>\n<\/ul>\n<\/div>\n<\/div>\n<div class=\"InfoBulle\" id=\"bulle_point3\">\n<div class=\"bloc\" id=\"bloc3\">\n<div class=\"titre\">Form f\u00fcr Faltkisten<\/div>\n<ul>\n \t<li><strong>Gewicht<\/strong>: 23T<\/li>\n \t<li><strong>Abmessungen<\/strong>: 1790x1150x1380<\/li>\n \t<li><strong>Technologie<\/strong>: Thermoplast-Spritzgie\u00dfen Etagenform<\/li>\n<\/ul>\n<\/div>\n<\/div>\n<\/div>","protected":false},"excerpt":{"rendered":"<p>Mit unserer Expertise bereichern wir Produkte, die im Handling und in der Logistik eingesetzt<\/p>\n","protected":false},"author":1,"featured_media":109,"parent":1052,"menu_order":2,"comment_status":"closed","ping_status":"closed","template":"","meta":{"footnotes":""},"class_list":["post-1126","page","type-page","status-publish","has-post-thumbnail","hentry"],"_links":{"self":[{"href":"https:\/\/www.dmm.fr\/de\/wp-json\/wp\/v2\/pages\/1126","targetHints":{"allow":["GET"]}}],"collection":[{"href":"https:\/\/www.dmm.fr\/de\/wp-json\/wp\/v2\/pages"}],"about":[{"href":"https:\/\/www.dmm.fr\/de\/wp-json\/wp\/v2\/types\/page"}],"author":[{"embeddable":true,"href":"https:\/\/www.dmm.fr\/de\/wp-json\/wp\/v2\/users\/1"}],"replies":[{"embeddable":true,"href":"https:\/\/www.dmm.fr\/de\/wp-json\/wp\/v2\/comments?post=1126"}],"version-history":[{"count":3,"href":"https:\/\/www.dmm.fr\/de\/wp-json\/wp\/v2\/pages\/1126\/revisions"}],"predecessor-version":[{"id":2242,"href":"https:\/\/www.dmm.fr\/de\/wp-json\/wp\/v2\/pages\/1126\/revisions\/2242"}],"up":[{"embeddable":true,"href":"https:\/\/www.dmm.fr\/de\/wp-json\/wp\/v2\/pages\/1052"}],"wp:featuredmedia":[{"embeddable":true,"href":"https:\/\/www.dmm.fr\/de\/wp-json\/wp\/v2\/media\/109"}],"wp:attachment":[{"href":"https:\/\/www.dmm.fr\/de\/wp-json\/wp\/v2\/media?parent=1126"}],"curies":[{"name":"wp","href":"https:\/\/api.w.org\/{rel}","templated":true}]}}