{"id":1091,"date":"2017-11-29T18:13:33","date_gmt":"2017-11-29T17:13:33","guid":{"rendered":"https:\/\/www.dmm.fr\/?page_id=1091"},"modified":"2020-12-01T09:45:23","modified_gmt":"2020-12-01T08:45:23","slug":"maschinenpark","status":"publish","type":"page","link":"https:\/\/www.dmm.fr\/de\/unser-know-how\/maschinenpark\/","title":{"rendered":"Maschinenpark"},"content":{"rendered":"<div id=\"parc-1\" class=\"text-center big-sentence div-bg-grey ctn-padding\">\n<div class=\"inner-wrap-block\">\n\nDie Investitionen in unseren <strong>Maschinenpark <\/strong>beruhen auf unserem Bestreben, die <strong>interne Umsetzung aller strategischen Elemente<\/strong> unserer Formen zu gew\u00e4hrleisten. Unser Park erm\u00f6glicht uns zudem, unseren Kunden <strong>eine optimale Flexibilit\u00e4t und Reaktionsf\u00e4higkeit<\/strong> anzubieten.\n\n<\/div>\n<\/div>\n<div id=\"parc-3\" class=\"erase-space-inline-block\">\n<div class=\"restore-space-inline-block text-center\">\n<h2>Ein konsequenter Maschinenpark<\/h2>\n<\/div>\n<div id=\"accordion\" class=\"restore-space-inline-block\">\n<div class=\"item-machine\">\n<h3>Programmierung \/ FAO<\/h3>\n<div class=\"restore-space-inline-block\">\n<div class=\"img-float-right\"><a class=\"fancybox\" href=\"https:\/\/www.dmm.fr\/wp-content\/uploads\/sescoi-work.jpg\" data-fancybox=\"gallery\" data-caption=\"Programmierung \/ FAO\"><img loading=\"lazy\" decoding=\"async\" class=\"aligncenter size-medium wp-image-699\" src=\"https:\/\/www.dmm.fr\/wp-content\/uploads\/\/sescoi-work-300x201.jpg\" alt=\"Programmierung \/ FAO\" width=\"300\" height=\"201\"><\/a><\/div>\n<ul class=\"arrow-list blue-arrow-list\">\n \t<li>2 Sescoi WORK NC<\/li>\n<\/ul>\n<div class=\"clear\"><\/div>\n<\/div>\n<\/div>\n<div class=\"item-machine\">\n<h3>CNC Fr\u00e4sen<\/h3>\n<div class=\"restore-space-inline-block\">\n<ul class=\"arrow-list blue-arrow-list list-deux-colonnes\">\n \t<li>1 UGV PARPAS LHS 5 Achsen: 6500x2500x1250<\/li>\n \t<li>1 UGV PARPAS LHS 5 Achsen: 6000x2500x1250<\/li>\n \t<li>1 PARPAS ML 90 3+2 Achsen: 6000x1200x1000<\/li>\n \t<li>1 UGV PARPAS THS 3+2 Achsen: 2500x1000x1200<\/li>\n \t<li>2 PARPAS 90HP 3+2 Achsen: 2500x1000x1150<\/li>\n \t<li>1 PARPAS SL 100 3 Achsen: 2500x1500x1000<\/li>\n \t<li>1 PARPAS SL 90 3 Achsen: 2000x925x1000<\/li>\n \t<li>1 PARPAS BF 100 3 Achsen: 2000x1000x1000<\/li>\n \t<li>1 UGV TANDEM 5 A : (2x) 1500x700x950<\/li>\n \t<li>1 GAMBIN 120C 3 Achsen: 1200x700x850<\/li>\n \t<li>1 ARROW 750 3 Achsen: 700x500x600<\/li>\n<\/ul>\n<\/div>\n<\/div>\n<div class=\"item-machine\">\n<h3>Senkerodieren<\/h3>\n<div class=\"restore-space-inline-block\">\n<div class=\"img-float-right\"><a href=\"https:\/\/www.dmm.fr\/wp-content\/uploads\/IG3000HD-e1551109395662.jpg\"><img loading=\"lazy\" decoding=\"async\" class=\"alignnone wp-image-1436 size-medium\" src=\"https:\/\/www.dmm.fr\/wp-content\/uploads\/\/IG3000HD-290x300.jpg\" alt=\"\" width=\"290\" height=\"300\"><\/a><\/div>\n<ul class=\"arrow-list blue-arrow-list\">\n \t<li>1 INGERSOLL IG 3000 : 3000x2000x1400<\/li>\n<\/ul>\n<div class=\"clear\"><\/div>\n<\/div>\n<\/div>\n<div class=\"item-machine\">\n<h3>Drahterodieren<\/h3>\n<div class=\"restore-space-inline-block\">\n<div class=\"img-float-right\"><a class=\"fancybox\" href=\"https:\/\/www.dmm.fr\/wp-content\/uploads\/\/ONA-AV100-300x201.jpg\" data-fancybox=\"gallery\" data-caption=\"Drahterodieren\"><img loading=\"lazy\" decoding=\"async\" class=\"aligncenter size-medium wp-image-687\" src=\"https:\/\/www.dmm.fr\/wp-content\/uploads\/\/ONA-AV100-300x201.jpg\" alt=\"Drahterodieren\" width=\"300\" height=\"201\" srcset=\"https:\/\/www.dmm.fr\/wp-content\/uploads\/ONA-AV100-300x201.jpg 300w, https:\/\/www.dmm.fr\/wp-content\/uploads\/ONA-AV100.jpg 537w\" sizes=\"auto, (max-width: 300px) 100vw, 300px\" \/><\/a><\/div>\n<ul class=\"arrow-list blue-arrow-list\">\n \t<li>1 ONA AV100 : 1500 x 1000 x 600 \/ Beh\u00e4lter: 2000 x 1500 x 600 \/ Neigung: 15\u00b0<\/li>\n<\/ul>\n<div class=\"clear\"><\/div>\n<\/div>\n<\/div>\n<div class=\"item-machine\">\n<h3>Bohrwerkstatt<\/h3>\n<div class=\"restore-space-inline-block\">\n<div class=\"img-float-right\"><a class=\"fancybox\" href=\"https:\/\/www.dmm.fr\/wp-content\/uploads\/\/parc-machine-DMM-forage-300x200.jpg\" data-fancybox=\"gallery\" data-caption=\"DMM Maschinenpark - Bohren\"><img loading=\"lazy\" decoding=\"async\" class=\"alignnone size-medium wp-image-873\" title=\"DMM Maschinenpark - Bohren\" src=\"https:\/\/www.dmm.fr\/wp-content\/uploads\/\/parc-machine-DMM-forage-300x200.jpg\" alt=\"DMM Maschinenpark - Bohren\" width=\"300\" height=\"200\" srcset=\"https:\/\/www.dmm.fr\/wp-content\/uploads\/parc-machine-DMM-forage-300x200.jpg 300w, https:\/\/www.dmm.fr\/wp-content\/uploads\/parc-machine-DMM-forage-768x513.jpg 768w, https:\/\/www.dmm.fr\/wp-content\/uploads\/parc-machine-DMM-forage.jpg 800w\" sizes=\"auto, (max-width: 300px) 100vw, 300px\" \/><\/a><\/div>\n<ul class=\"arrow-list blue-arrow-list\">\n \t<li>3 Tiefbohrmaschinen TBT BW250\nmaximale Bohrtiefe: 3000 mm\n\u2205: 4 bis 40 mm<\/li>\n<\/ul>\n<div class=\"clear\"><\/div>\n<\/div>\n<\/div>\n<div class=\"item-machine\">\n<h3>Justierung<\/h3>\n<div class=\"restore-space-inline-block\">\n<ul class=\"arrow-list blue-arrow-list\">\n \t<li>1 200-T-Tuschierpresse: 2500x1800x2000<\/li>\n \t<li>1 500-T-Tuschierpresse: 3000x2000x2500<\/li>\n<\/ul>\n<\/div>\n<\/div>\n<div class=\"item-machine\">\n<h3>Pr\u00fcfung<\/h3>\n<div class=\"restore-space-inline-block\">\n<div class=\"img-float-right\"><\/div>\n<ul class=\"arrow-list blue-arrow-list\">\n \t<li>Wir implementieren Ihre 3D-Steuerungen \u00fcber ein Panel von Partnern durch verschiedene L\u00f6sungen. 3D-Scan, Faro-Arm, 2D-3D-KMG-Bank&#8230;<\/li>\n<\/ul>\n<div class=\"clear\"><\/div>\n<\/div>\n<\/div>\n<div class=\"item-machine\">\n<h3>Schleifen<\/h3>\n<div class=\"restore-space-inline-block\">\n<ul class=\"arrow-list blue-arrow-list\">\n \t<li>3 Flachschleifmaschinen : M<span class=\"tlid-translation translation\"><span class=\"\" title=\"\">aximale Kapazit\u00e4t 1050x550x350<\/span><\/span><\/li>\n<\/ul>\n<\/div>\n<\/div>\n<div class=\"item-machine\">\n<h3>Heben<\/h3>\n<div class=\"restore-space-inline-block\">\n<div class=\"img-float-right\"><a class=\"fancybox\" href=\"https:\/\/www.dmm.fr\/wp-content\/uploads\/\/parc-machine-DMM-levage-300x223.jpg\" data-caption=\"Heben\" data-fancybox=\"gallery\"><img loading=\"lazy\" decoding=\"async\" class=\"alignnone size-medium wp-image-869\" title=\"Heben\" src=\"https:\/\/www.dmm.fr\/wp-content\/uploads\/\/parc-machine-DMM-levage-300x223.jpg\" alt=\"Heben\" width=\"300\" height=\"223\" srcset=\"https:\/\/www.dmm.fr\/wp-content\/uploads\/parc-machine-DMM-levage-300x223.jpg 300w, https:\/\/www.dmm.fr\/wp-content\/uploads\/parc-machine-DMM-levage-768x571.jpg 768w, https:\/\/www.dmm.fr\/wp-content\/uploads\/parc-machine-DMM-levage.jpg 800w\" sizes=\"auto, (max-width: 300px) 100vw, 300px\" \/><\/a><\/div>\n<ul class=\"arrow-list blue-arrow-list\">\n \t<li>8 Rollbr\u00fccken (10 bis 40 T)<\/li>\n<\/ul>\n<\/div>\n<\/div>\n<\/div>\n<\/div>","protected":false},"excerpt":{"rendered":"<p>Die Investitionen in unseren Maschinenpark beruhen auf unserem Bestreben, die interne Umsetzung aller strategischen<\/p>\n","protected":false},"author":1,"featured_media":790,"parent":1050,"menu_order":4,"comment_status":"closed","ping_status":"closed","template":"page-templates\/page-big-img.php","meta":{"footnotes":""},"class_list":["post-1091","page","type-page","status-publish","has-post-thumbnail","hentry"],"_links":{"self":[{"href":"https:\/\/www.dmm.fr\/de\/wp-json\/wp\/v2\/pages\/1091","targetHints":{"allow":["GET"]}}],"collection":[{"href":"https:\/\/www.dmm.fr\/de\/wp-json\/wp\/v2\/pages"}],"about":[{"href":"https:\/\/www.dmm.fr\/de\/wp-json\/wp\/v2\/types\/page"}],"author":[{"embeddable":true,"href":"https:\/\/www.dmm.fr\/de\/wp-json\/wp\/v2\/users\/1"}],"replies":[{"embeddable":true,"href":"https:\/\/www.dmm.fr\/de\/wp-json\/wp\/v2\/comments?post=1091"}],"version-history":[{"count":7,"href":"https:\/\/www.dmm.fr\/de\/wp-json\/wp\/v2\/pages\/1091\/revisions"}],"predecessor-version":[{"id":2197,"href":"https:\/\/www.dmm.fr\/de\/wp-json\/wp\/v2\/pages\/1091\/revisions\/2197"}],"up":[{"embeddable":true,"href":"https:\/\/www.dmm.fr\/de\/wp-json\/wp\/v2\/pages\/1050"}],"wp:featuredmedia":[{"embeddable":true,"href":"https:\/\/www.dmm.fr\/de\/wp-json\/wp\/v2\/media\/790"}],"wp:attachment":[{"href":"https:\/\/www.dmm.fr\/de\/wp-json\/wp\/v2\/media?parent=1091"}],"curies":[{"name":"wp","href":"https:\/\/api.w.org\/{rel}","templated":true}]}}