{"id":1089,"date":"2017-11-29T18:06:29","date_gmt":"2017-11-29T17:06:29","guid":{"rendered":"https:\/\/www.dmm.fr\/?page_id=1089"},"modified":"2020-12-07T12:50:01","modified_gmt":"2020-12-07T11:50:01","slug":"auftragsfertigung","status":"publish","type":"page","link":"https:\/\/www.dmm.fr\/de\/auftragsfertigung\/","title":{"rendered":"Auftragsfertigung"},"content":{"rendered":"<div id=\"usinage-1\">\n<div class=\"img-float-right\"><a class=\"fancybox\" href=\"\/wp-content\/uploads\/usinage-a-facon.jpg\" data-fancybox=\"gallery\" data-caption=\"DMM - Auftragsfertigung\">\n<img loading=\"lazy\" decoding=\"async\" class=\"size-full wp-image-368\" title=\"DMM - Auftragsfertigung\" src=\"https:\/\/www.dmm.fr\/wp-content\/uploads\/usinage-a-facon.jpg\" alt=\"DMM - Auftragsfertigung\" width=\"850\" height=\"567\"><\/a><\/div>\nUnser <strong>Maschinenpark mit gro\u00dfen Kapazit\u00e4ten<\/strong>, gepflegt durch regelm\u00e4\u00dfige Investitionen, erschlie\u00dft uns heute Wege zu neuen Projekten im Bereich der <strong>Pr\u00e4zisionsmechanik<\/strong>.\n<ul class=\"arrow-list blue-arrow-list\">\n \t<li><strong>SENKERODIEREN: <\/strong> 1 INGERSOLL IG 3000 : 3000x2000x1400,<\/li>\n \t<li><strong>FR\u00c4SEN: <\/strong> 1 PARPAS LHS 5 Achsen : 6500x2500x1250 (3 Maschinen),<\/li>\n \t<li><strong>BOHREN: <\/strong>3 Tiefbohrmaschinen TBT BW250 : maximale Bohrtiefe : 3000 mm \/ \u2205: 4 bis 40 mm,<\/li>\n \t<li><strong>DRAHTERODIEREN: <\/strong>1 ONA AV100: 1500 x 1000 x 600 \/ Beh\u00e4lter: 2000 x 1500 x 600 \/ Neigung: 15.<\/li>\n<\/ul>\n<\/div>","protected":false},"excerpt":{"rendered":"<p>Unser Maschinenpark mit gro\u00dfen Kapazit\u00e4ten, gepflegt durch regelm\u00e4\u00dfige Investitionen, erschlie\u00dft uns heute Wege zu<\/p>\n","protected":false},"author":1,"featured_media":784,"parent":0,"menu_order":0,"comment_status":"closed","ping_status":"closed","template":"page-templates\/page-big-img.php","meta":{"footnotes":""},"class_list":["post-1089","page","type-page","status-publish","has-post-thumbnail","hentry"],"_links":{"self":[{"href":"https:\/\/www.dmm.fr\/de\/wp-json\/wp\/v2\/pages\/1089","targetHints":{"allow":["GET"]}}],"collection":[{"href":"https:\/\/www.dmm.fr\/de\/wp-json\/wp\/v2\/pages"}],"about":[{"href":"https:\/\/www.dmm.fr\/de\/wp-json\/wp\/v2\/types\/page"}],"author":[{"embeddable":true,"href":"https:\/\/www.dmm.fr\/de\/wp-json\/wp\/v2\/users\/1"}],"replies":[{"embeddable":true,"href":"https:\/\/www.dmm.fr\/de\/wp-json\/wp\/v2\/comments?post=1089"}],"version-history":[{"count":5,"href":"https:\/\/www.dmm.fr\/de\/wp-json\/wp\/v2\/pages\/1089\/revisions"}],"predecessor-version":[{"id":2296,"href":"https:\/\/www.dmm.fr\/de\/wp-json\/wp\/v2\/pages\/1089\/revisions\/2296"}],"wp:featuredmedia":[{"embeddable":true,"href":"https:\/\/www.dmm.fr\/de\/wp-json\/wp\/v2\/media\/784"}],"wp:attachment":[{"href":"https:\/\/www.dmm.fr\/de\/wp-json\/wp\/v2\/media?parent=1089"}],"curies":[{"name":"wp","href":"https:\/\/api.w.org\/{rel}","templated":true}]}}