{"id":1087,"date":"2017-11-29T18:02:15","date_gmt":"2017-11-29T17:02:15","guid":{"rendered":"https:\/\/www.dmm.fr\/?page_id=1087"},"modified":"2020-11-30T18:52:35","modified_gmt":"2020-11-30T17:52:35","slug":"reparatur-wartung","status":"publish","type":"page","link":"https:\/\/www.dmm.fr\/de\/unser-know-how\/reparatur-wartung\/","title":{"rendered":"Reparatur \/ Wartung"},"content":{"rendered":"<div id=\"maintenance-1\" class=\"big-sentence text-center ctn-padding div-bg-grey\">\n<div class=\"inner-wrap-block\">\nAls Teil der DNA unseres Unternehmens sind die Reparatur und Wartung von Gro\u00dfwerkzeugen nach wie vor eine Schl\u00fcsselaktivit\u00e4t.<\/div>\n<\/div>\n<div><\/div>\n<div style=\"text-align: center;\">\n<h3><a href=\"https:\/\/www.dmm.fr\/entreprise\/contact-dmm-clm\/\">Ein Angebot anfordern<\/a><\/h3>\n<\/div>\n<div><\/div>\n<div id=\"maintenance-2\" class=\"erase-space-inline-block\">\n<div class=\"half-block-div div-bg-blue half-div-text restore-space-inline-block\">\n<h2>DMM\/CLM bietet insbesondere<\/h2>\n<ul class=\"arrow-list white-arrow-list\">\n \t<li><strong>Wartung auf Ebene 1<\/strong><\/li>\n \t<li><strong>Reparatur <\/strong>\n<span class=\"more-maintenance\">Die Reparatur umfasst folgende Verfahren: CFAO, Bearbeitung, WIG oder Laser-Schwei\u00dfen, thermische Behandlungen, Oberfl\u00e4chenbeschichtungen<\/span><\/li>\n \t<li><strong>Rekonstruktion<\/strong>\n<span class=\"more-maintenance\">Modellierung, Digitalisierung, CFAO<\/span><\/li>\n \t<li><strong>Optimierung<\/strong>\n<span class=\"more-maintenance\">Thermische und mechanische Analysen, Stein- und Kalkbeseitigung, Modifizierung<\/span><\/li>\n \t<li><strong>Instandsetzung<\/strong>\n<span class=\"more-maintenance\">Instandsetzung von Formen jeglicher Herkunft und Technologien<\/span><\/li>\n<\/ul>\n<\/div>\n<div class=\"half-block-div half-div-img restore-space-inline-block ctn-img-absolute\"><a href=\"https:\/\/www.dmm.fr\/wp-content\/uploads\/dlm-clm-maintenance.jpg\" class=\"fancybox\" data-fancybox=\"gallery\" data-caption=\"Unser Unternehmen verf\u00fcgt \u00fcber langj\u00e4hrige Erfahrungen in der Reparatur und Wartung gro\u00dfformatiger Formen, von denen unsere Kunden heute profitieren.\"><img loading=\"lazy\" decoding=\"async\" src=\"https:\/\/www.dmm.fr\/wp-content\/uploads\/dlm-clm-maintenance.jpg\" alt=\"Unser Unternehmen verf\u00fcgt \u00fcber langj\u00e4hrige Erfahrungen in der Reparatur und Wartung gro\u00dfformatiger Formen, von denen unsere Kunden heute profitieren.\" title=\"Unser Unternehmen verf\u00fcgt \u00fcber langj\u00e4hrige Erfahrungen in der Reparatur und Wartung gro\u00dfformatiger Formen, von denen unsere Kunden heute profitieren.\" width=\"850\" height=\"856\" class=\"alignnone size-full wp-image-304\" srcset=\"https:\/\/www.dmm.fr\/wp-content\/uploads\/dlm-clm-maintenance.jpg 850w, https:\/\/www.dmm.fr\/wp-content\/uploads\/dlm-clm-maintenance-298x300.jpg 298w, https:\/\/www.dmm.fr\/wp-content\/uploads\/dlm-clm-maintenance-150x150.jpg 150w, https:\/\/www.dmm.fr\/wp-content\/uploads\/dlm-clm-maintenance-768x773.jpg 768w\" sizes=\"auto, (max-width: 850px) 100vw, 850px\" \/><\/a><\/div>\n<\/div>\n<div id=\"maintenance-3\" class=\"big-sentence text-center\">\n<div class=\"inner-wrap-block\">\nUnsere <strong>tiefgreifenden Erfahrungen in der Wartung und Reparatur von Formen<\/strong> erm\u00f6glichen uns, unsere <strong>Werkzeuge im Hinblick auf eine effiziente Wartung<\/strong> zu konzipieren und zu fertigen.<\/div>\n<\/div>","protected":false},"excerpt":{"rendered":"<p>Als Teil der DNA unseres Unternehmens sind die Reparatur und Wartung von Gro\u00dfwerkzeugen nach<\/p>\n","protected":false},"author":1,"featured_media":781,"parent":1050,"menu_order":2,"comment_status":"closed","ping_status":"closed","template":"page-templates\/page-big-img.php","meta":{"footnotes":""},"class_list":["post-1087","page","type-page","status-publish","has-post-thumbnail","hentry"],"_links":{"self":[{"href":"https:\/\/www.dmm.fr\/de\/wp-json\/wp\/v2\/pages\/1087","targetHints":{"allow":["GET"]}}],"collection":[{"href":"https:\/\/www.dmm.fr\/de\/wp-json\/wp\/v2\/pages"}],"about":[{"href":"https:\/\/www.dmm.fr\/de\/wp-json\/wp\/v2\/types\/page"}],"author":[{"embeddable":true,"href":"https:\/\/www.dmm.fr\/de\/wp-json\/wp\/v2\/users\/1"}],"replies":[{"embeddable":true,"href":"https:\/\/www.dmm.fr\/de\/wp-json\/wp\/v2\/comments?post=1087"}],"version-history":[{"count":4,"href":"https:\/\/www.dmm.fr\/de\/wp-json\/wp\/v2\/pages\/1087\/revisions"}],"predecessor-version":[{"id":2185,"href":"https:\/\/www.dmm.fr\/de\/wp-json\/wp\/v2\/pages\/1087\/revisions\/2185"}],"up":[{"embeddable":true,"href":"https:\/\/www.dmm.fr\/de\/wp-json\/wp\/v2\/pages\/1050"}],"wp:featuredmedia":[{"embeddable":true,"href":"https:\/\/www.dmm.fr\/de\/wp-json\/wp\/v2\/media\/781"}],"wp:attachment":[{"href":"https:\/\/www.dmm.fr\/de\/wp-json\/wp\/v2\/media?parent=1087"}],"curies":[{"name":"wp","href":"https:\/\/api.w.org\/{rel}","templated":true}]}}