{"id":1083,"date":"2017-11-29T17:57:38","date_gmt":"2017-11-29T16:57:38","guid":{"rendered":"https:\/\/www.dmm.fr\/?page_id=1083"},"modified":"2020-11-30T18:41:03","modified_gmt":"2020-11-30T17:41:03","slug":"konzeption-und-fertigung-von-werkzeugen","status":"publish","type":"page","link":"https:\/\/www.dmm.fr\/de\/unser-know-how\/konzeption-und-fertigung-von-werkzeugen\/","title":{"rendered":"Konzeption und Fertigung von Werkzeugen"},"content":{"rendered":"<div id=\"conception-1\" class=\"text-center big-sentence div-bg-grey ctn-padding\">\n<div class=\"inner-wrap-block\">\n\nWir entwickeln <strong>F&amp;E-Projekte<\/strong> gemeinsam mit unseren Kunden <span class=\"smaller\">(Verarbeitungsunternehmen, Ausr\u00fcster, Automobilhersteller)<\/span>, um ihren Produkten einen <strong>Mehrwert<\/strong> zu verleihen.\n\nDar\u00fcber hinaus sind wir Mitglied des <strong>CT-IPC<\/strong> <span class=\"smaller\">(Industrielles Technikzentrum f\u00fcr die Verarbeitung von Kunststoffen und Verbundmaterialien von Oyonnax (01))<\/span>.\n\n<\/div>\n<\/div>\n<div id=\"conception-3\">\n<h2 class=\"text-center\">Ablauf eines Projekts bei DMM\/CLM<\/h2>\n<div id=\"tabs\">\n<ul>\n \t<li><a href=\"#tabs-1\">1Idee des Kunden<\/a><\/li>\n \t<li><a href=\"#tabs-2\">2Betreuung<\/a><\/li>\n \t<li><a href=\"#tabs-3\">3Studie<\/a><\/li>\n \t<li><a href=\"#tabs-4\">4Planung<\/a><\/li>\n \t<li><a href=\"#tabs-5\">5Produktion<\/a><\/li>\n \t<li><a href=\"#tabs-6\">6Pr\u00fcfung<\/a><\/li>\n \t<li><a href=\"#tabs-7\">7Tests<\/a><\/li>\n \t<li><a href=\"#tabs-8\">8Lieferung<\/a><\/li>\n<\/ul>\n<div id=\"tabs-1\">\n<h3>Die Kundenidee sowie die gewerbliche und technische Betreuung bilden die Grundvoraussetzungen f\u00fcr die Umsetzung eines Projekts.<\/h3>\nUnsere Formen werden mit Hilfe unserer Produktionsressourcen f\u00fcr die Verarbeitungstechnologie konzipiert und entwickelt.\n\nMit unserem umfassenden Know-how tragen wir dazu bei:\n<ul class=\"arrow-list blue-arrow-list\">\n \t<li>dass die Kriterien einer einfachen <strong>Handhabung und Auswechselbarkeit<\/strong> der einzelnen Teile in der gesamten Lebensdauer des Werkzeugs Ber\u00fccksichtigung finden,<\/li>\n \t<li>dass die Formen vollst\u00e4ndig <strong>Ihren Anforderungen<\/strong> entsprechen,<\/li>\n \t<li>dass Anpassungen im Einklang mit den <strong>technisch-wirtschaftlichen<\/strong> Vorgaben des Marktes sowie in Absprache und <strong>Zusammenarbeit <\/strong>mit Ihren Abteilungen integriert werden.<\/li>\n<\/ul>\n<\/div>\n<div id=\"tabs-2\">\n<h3>Betreuung des Projekts\/des Kunden durch die Verfahrensabteilung<\/h3>\nIm Rahmen unserer <strong>Zusammenarbeit <\/strong>pflegt unsere Verfahrensabteilung eine enge <strong>Beziehung <\/strong>zu unseren Kunden. Die Koordination des Projekts durch einen einzigen Ansprechpartner bietet den <strong>besonderen Vorteil der Kundenn\u00e4he und Reaktionsf\u00e4higkeit<\/strong>. Letzterer gew\u00e4hrleistet eine <strong>kontinuierliche Berichterstattung <\/strong>\u00fcber die Fortschritte des Projekts.\n\nIn der Entwicklungsphase bieten wir Ihnen zudem folgende Leistungen:\n<ul class=\"arrow-list blue-arrow-list list-deux-colonnes\">\n \t<li>Konzeption oder Anpassung von Teilen,<\/li>\n \t<li>Digitalisierung komplexer Formen,<\/li>\n \t<li>Mold-Flow-Analysen,<\/li>\n \t<li>Thermische Analysen,<\/li>\n \t<li>Strukturelle Berechnungen,<\/li>\n \t<li>Integration von Formteilen mit Hilfe der Technologie &#8222;Conformal Cooling&#8220;.<\/li>\n<\/ul>\n<\/div>\n<div id=\"tabs-3\">\n<h3>Projektplanung durch das interne Studienb\u00fcro in Zusammenarbeit mit dem Kunden<\/h3>\nUnter Koordination des Projektleiters wird von unserem Studienb\u00fcro eine interne Konzeption durchgef\u00fchrt.\n\nZu den eingesetzten Software-Programmen geh\u00f6ren unter anderem:\n<ul class=\"arrow-list blue-arrow-list list-deux-colonnes\">\n \t<li>CATIA V5 \/ V6,<\/li>\n \t<li>PRO ENGINEER,<\/li>\n \t<li>TOPSOLID,<\/li>\n \t<li>TEBIS,<\/li>\n \t<li>WORKNC,<\/li>\n<\/ul>\n<\/div>\n<div id=\"tabs-4\">\n<h3>Planung<\/h3>\nUnsere Planungsabteilung ist f\u00fcr die <strong>Einhaltung der Lieferfristen<\/strong> zust\u00e4ndig.\n\nIn Zusammenarbeit mit dem Projektleiter der Verfahrensabteilung gew\u00e4hrleistet diese Abteilung die Organisation der Produktion.\n\n<\/div>\n<div id=\"tabs-5\">\n<h3>Produktion<\/h3>\nF\u00fcr eine <strong>verbesserte Produktivit\u00e4t <\/strong>haben wir erg\u00e4nzend zur klassischen Organisation ein Wochenend-Team f\u00fcr eine zus\u00e4tzliche w\u00f6chentliche Arbeitsschicht aufgestellt.\n<ul class=\"arrow-list blue-arrow-list\">\n \t<li>Unsere Produktionskapazit\u00e4t: <strong>10 000 h\/Monat<\/strong><\/li>\n \t<li>Unsere Produktionsfl\u00e4che: <strong>3 500 m2<\/strong><\/li>\n \t<li><strong><a href=\"https:\/\/www.dmm.fr\/notre-metier\/parc-machines\/\">Leistungsstarker Maschinenpark <\/a><\/strong><\/li>\n<\/ul>\n<\/div>\n<div id=\"tabs-6\">\n<h3>Pr\u00fcfung vor der Testphase<\/h3>\nMit dem Ziel optimaler Qualit\u00e4ts- und Serviceleistungen integrieren wir systematisch eine <strong>&#8222;doppelte Kontrolle&#8220;<\/strong> in den Fertigungsprozess unserer Metallformen.\n\nDiese <strong>doppelte Kontrolle <\/strong>erfolgt vor der Testphase und wird von einem neutralen Projektleiter (der bis zu diesem Punkt nicht am Projekt beteiligt war) vorgenommen.\n\nJe nach Pflichtenheft f\u00fchren wir zudem eine <strong>Dimensionskontrolle der Pr\u00e4gung<\/strong> durch.\n\n<\/div>\n<div id=\"tabs-7\">\n<h3>Tests<\/h3>\nUnsere Unternehmen <strong>pr\u00fcfen die Formen durch eine sorgf\u00e4ltige Testreihe<\/strong> unter Einsatz verschiedener L\u00f6sungen.\n\nIm Betrieb des Kunden oder je nach <strong>eingesetzten Technologien<\/strong>:\n<ul class=\"arrow-list blue-arrow-list\">\n \t<li><strong>SPRITZGIESSEN: <\/strong> im CT-IPC mit 140 bis 2200 T Spritzgie\u00dfmaschinen. Bereitstellung eines <strong>Testberichts <\/strong>(mit Bild und Videomaterial je nach Vertragsbestimmungen).<\/li>\n \t<li><strong>EXTRUSIONSBLASFORMEN: <\/strong> durch einen Unterauftragnehmer unter Einsatz von <strong>Hochleistungs-Maschinen<\/strong> in der Region von OYONNAX (01).<\/li>\n \t<li><strong>SMC-Verbundmaterialien:<\/strong> M\u00f6glichkeit der Durchf\u00fchrung der Tests in unserem Betrieb, an einer Presse mit einer Schlie\u00dfkraft von 500 T (vorherige Validierung).<\/li>\n<\/ul>\n<\/div>\n<div id=\"tabs-8\">\n<h3>Lieferung<\/h3>\nUnsere Logistikl\u00f6sungen sind an die <strong>Abmessungen und die Masse <\/strong>der von uns gefertigten Werkzeuge angepasst.\n\n<\/div>\n<\/div>\n<\/div>","protected":false},"excerpt":{"rendered":"<p>Wir entwickeln F&amp;E-Projekte gemeinsam mit unseren Kunden (Verarbeitungsunternehmen, Ausr\u00fcster, Automobilhersteller), um ihren Produkten einen<\/p>\n","protected":false},"author":1,"featured_media":776,"parent":1050,"menu_order":1,"comment_status":"closed","ping_status":"closed","template":"page-templates\/page-big-img.php","meta":{"footnotes":""},"class_list":["post-1083","page","type-page","status-publish","has-post-thumbnail","hentry"],"_links":{"self":[{"href":"https:\/\/www.dmm.fr\/de\/wp-json\/wp\/v2\/pages\/1083","targetHints":{"allow":["GET"]}}],"collection":[{"href":"https:\/\/www.dmm.fr\/de\/wp-json\/wp\/v2\/pages"}],"about":[{"href":"https:\/\/www.dmm.fr\/de\/wp-json\/wp\/v2\/types\/page"}],"author":[{"embeddable":true,"href":"https:\/\/www.dmm.fr\/de\/wp-json\/wp\/v2\/users\/1"}],"replies":[{"embeddable":true,"href":"https:\/\/www.dmm.fr\/de\/wp-json\/wp\/v2\/comments?post=1083"}],"version-history":[{"count":4,"href":"https:\/\/www.dmm.fr\/de\/wp-json\/wp\/v2\/pages\/1083\/revisions"}],"predecessor-version":[{"id":2180,"href":"https:\/\/www.dmm.fr\/de\/wp-json\/wp\/v2\/pages\/1083\/revisions\/2180"}],"up":[{"embeddable":true,"href":"https:\/\/www.dmm.fr\/de\/wp-json\/wp\/v2\/pages\/1050"}],"wp:featuredmedia":[{"embeddable":true,"href":"https:\/\/www.dmm.fr\/de\/wp-json\/wp\/v2\/media\/776"}],"wp:attachment":[{"href":"https:\/\/www.dmm.fr\/de\/wp-json\/wp\/v2\/media?parent=1083"}],"curies":[{"name":"wp","href":"https:\/\/api.w.org\/{rel}","templated":true}]}}