{"id":1073,"date":"2017-11-29T17:14:59","date_gmt":"2017-11-29T16:14:59","guid":{"rendered":"https:\/\/www.dmm.fr\/?page_id=1073"},"modified":"2025-03-12T16:19:44","modified_gmt":"2025-03-12T15:19:44","slug":"geschichte","status":"publish","type":"page","link":"https:\/\/www.dmm.fr\/de\/unternehmen\/geschichte\/","title":{"rendered":"Geschichte"},"content":{"rendered":"<section id=\"cd-timeline\">\n<div class=\"cd-timeline-block\">\n<div class=\"cd-timeline-img\"><\/div>\n<div class=\"cd-timeline-content\">\n<div class=\"text-historique\">\n<h2>1990<\/h2>\n<strong>Cr\u00e9ation de la soci\u00e9t\u00e9 DMM<\/strong>\npar Henri Duthel\n\n<\/div>\n<div class=\"ctn-thumb-historique\">\n<div class=\"thumb-historique\"><a class=\"fancybox\" href=\"https:\/\/www.dmm.fr\/wp-content\/uploads\/dmm-1990-creation-entreprise.jpg\" data-caption=\"DMM - Creation de l'entreprise en 1990\" data-fancybox=\"gallery\"><img loading=\"lazy\" decoding=\"async\" class=\"alignright size-full wp-image-425\" title=\"DMM - Creation de l'entreprise en 1990\" src=\"https:\/\/www.dmm.fr\/wp-content\/uploads\/dmm-1990-creation-entreprise.jpg\" alt=\"DMM - Creation de l'entreprise en 1990\" width=\"850\" height=\"563\" srcset=\"https:\/\/www.dmm.fr\/wp-content\/uploads\/dmm-1990-creation-entreprise.jpg 850w, https:\/\/www.dmm.fr\/wp-content\/uploads\/dmm-1990-creation-entreprise-300x199.jpg 300w, https:\/\/www.dmm.fr\/wp-content\/uploads\/dmm-1990-creation-entreprise-768x509.jpg 768w\" sizes=\"auto, (max-width: 850px) 100vw, 850px\" \/><\/a><\/div>\n<\/div>\n<\/div>\n<\/div>\n<div class=\"cd-timeline-block\">\n<div class=\"cd-timeline-img\"><\/div>\n<div class=\"cd-timeline-content\">\n<div class=\"ctn-thumb-historique right-side\">\n<div class=\"thumb-historique\"><a class=\"fancybox\" href=\"https:\/\/www.dmm.fr\/wp-content\/uploads\/dmm-1990-creation-entreprise.jpg\" data-caption=\"DMM - Creation de l'entreprise en 1990\" data-fancybox=\"gallery\"><img loading=\"lazy\" decoding=\"async\" class=\"alignright size-full wp-image-425\" title=\"DMM - Creation de l'entreprise en 1990\" src=\"https:\/\/www.dmm.fr\/wp-content\/uploads\/dmm-1990-creation-entreprise.jpg\" alt=\"DMM - Creation de l'entreprise en 1990\" width=\"850\" height=\"563\" srcset=\"https:\/\/www.dmm.fr\/wp-content\/uploads\/dmm-1990-creation-entreprise.jpg 850w, https:\/\/www.dmm.fr\/wp-content\/uploads\/dmm-1990-creation-entreprise-300x199.jpg 300w, https:\/\/www.dmm.fr\/wp-content\/uploads\/dmm-1990-creation-entreprise-768x509.jpg 768w\" sizes=\"auto, (max-width: 850px) 100vw, 850px\" \/><\/a><\/div>\n<\/div>\n<div class=\"text-historique\">\n<h2>1994<\/h2>\n<strong>Construction du premier b\u00e2timent DMM<\/strong>\n\n<\/div>\n<\/div>\n<\/div>\n<div class=\"cd-timeline-block\">\n<div class=\"cd-timeline-img\"><\/div>\n<div class=\"cd-timeline-content\">\n<div class=\"text-historique\">\n<h2>1998<\/h2>\n<strong>Certification ISO 9001<\/strong>\nDMM obtient la <strong>certification ISO 9001<\/strong>\n\n<\/div>\n<div class=\"ctn-thumb-historique\">\n<div class=\"thumb-historique\"><a class=\"fancybox\" href=\"https:\/\/www.dmm.fr\/wp-content\/uploads\/dmm-1998-dmm-obtient-certification-iso-9001.jpg\" data-caption=\"1998 - DMM obtient la certification ISO 9001\" data-fancybox=\"gallery\"><img loading=\"lazy\" decoding=\"async\" class=\"alignnone size-full wp-image-502\" title=\"1998 - DMM obtient la certification ISO 9001\" src=\"https:\/\/www.dmm.fr\/wp-content\/uploads\/dmm-1998-dmm-obtient-certification-iso-9001.jpg\" alt=\"1998 - DMM obtient la certification ISO 9001\" width=\"850\" height=\"562\" srcset=\"https:\/\/www.dmm.fr\/wp-content\/uploads\/dmm-1998-dmm-obtient-certification-iso-9001.jpg 850w, https:\/\/www.dmm.fr\/wp-content\/uploads\/dmm-1998-dmm-obtient-certification-iso-9001-300x198.jpg 300w, https:\/\/www.dmm.fr\/wp-content\/uploads\/dmm-1998-dmm-obtient-certification-iso-9001-768x508.jpg 768w\" sizes=\"auto, (max-width: 850px) 100vw, 850px\" \/><\/a><\/div>\n<\/div>\n<\/div>\n<\/div>\n<div class=\"cd-timeline-block\">\n<div class=\"cd-timeline-img\"><\/div>\n<div class=\"cd-timeline-content\">\n<div class=\"ctn-thumb-historique right-side erase-space-inline-block\">\n<div class=\"thumb-historique first-thumb\"><a class=\"fancybox img-2001\" href=\"https:\/\/www.dmm.fr\/wp-content\/uploads\/dmm-2001-acquisition-clm.jpg\" data-caption=\"2001 - DMM fait l'acquisition de CLM\" data-fancybox=\"gallery\"><img loading=\"lazy\" decoding=\"async\" class=\"alignnone size-full wp-image-505\" title=\"2001 - DMM fait l'acquisition de CLM\" src=\"https:\/\/www.dmm.fr\/wp-content\/uploads\/dmm-2001-acquisition-clm.jpg\" alt=\"2001 - DMM fait l'acquisition de CLM\" width=\"850\" height=\"563\" srcset=\"https:\/\/www.dmm.fr\/wp-content\/uploads\/dmm-2001-acquisition-clm.jpg 850w, https:\/\/www.dmm.fr\/wp-content\/uploads\/dmm-2001-acquisition-clm-300x199.jpg 300w, https:\/\/www.dmm.fr\/wp-content\/uploads\/dmm-2001-acquisition-clm-768x509.jpg 768w\" sizes=\"auto, (max-width: 850px) 100vw, 850px\" \/><\/a><\/div>\n<div class=\"thumb-historique\"><a class=\"fancybox img-2001\" href=\"https:\/\/www.dmm.fr\/wp-content\/uploads\/2001-dmm-agrandissement-des-locaux.jpg\" data-caption=\"2001 - agrandissement des locaux de DMM\" data-fancybox=\"gallery\"><img loading=\"lazy\" decoding=\"async\" class=\"alignnone size-full wp-image-508\" title=\"2001 - agrandissement des locaux de DMM\" src=\"https:\/\/www.dmm.fr\/wp-content\/uploads\/2001-dmm-agrandissement-des-locaux.jpg\" alt=\"2001 - agrandissement des locaux de DMM\" width=\"850\" height=\"563\" srcset=\"https:\/\/www.dmm.fr\/wp-content\/uploads\/2001-dmm-agrandissement-des-locaux.jpg 850w, https:\/\/www.dmm.fr\/wp-content\/uploads\/2001-dmm-agrandissement-des-locaux-300x199.jpg 300w, https:\/\/www.dmm.fr\/wp-content\/uploads\/2001-dmm-agrandissement-des-locaux-768x509.jpg 768w\" sizes=\"auto, (max-width: 850px) 100vw, 850px\" \/><\/a><\/div>\n<\/div>\n<div class=\"text-historique\">\n<h2>2001 &#8211; 2003<\/h2>\n<strong>Acquisition et construction<\/strong> d&#8217;un b\u00e2timent neuf pour CLM \u00e0 c\u00f4t\u00e9 de DMM.\n\n<\/div>\n<\/div>\n<\/div>\n<div class=\"cd-timeline-block\">\n<div class=\"cd-timeline-img is-hidden\"><\/div>\n<div class=\"cd-timeline-content is-hidden\">\n<div class=\"text-historique\">\n<h2>2007<\/h2>\n<strong>Transmission de l\u2019entreprise<\/strong> \u00e0 Jean-Fran\u00e7ois et Nathalie Duthel, enfants du fondateur\n\n<\/div>\n<\/div>\n<\/div>\n<div class=\"cd-timeline-block\">\n<div class=\"cd-timeline-img is-hidden\"><\/div>\n<div class=\"cd-timeline-content is-hidden\">\n<div class=\"text-historique\">\n<h2>1996 &#8211; 2012<\/h2>\n<strong>Agrandissement<\/strong> des b\u00e2timents\n\n<\/div>\n<\/div>\n<\/div>\n<div class=\"cd-timeline-block\">\n<div class=\"cd-timeline-img is-hidden\"><\/div>\n<div class=\"cd-timeline-content is-hidden\">\n<div class=\"text-historique\">\n<h2>2016<\/h2>\nAcquisition <strong>d&#8217;une 3\u00e8me foreuse<\/strong>\n\n<\/div>\n<\/div>\n<\/div>\n<div class=\"cd-timeline-block\">\n<div class=\"cd-timeline-img is-hidden\"><\/div>\n<div class=\"cd-timeline-content is-hidden\">\n<div class=\"text-historique\">\n<h2>2017<\/h2>\nInvestissement d&#8217;une Electro-Erosion <strong>\u00e0 fil grande capacit\u00e9<\/strong>\n\n<\/div>\n<\/div>\n<\/div>\n<div class=\"cd-timeline-block\">\n<div class=\"cd-timeline-img is-hidden\"><\/div>\n<div class=\"cd-timeline-content is-hidden\">\n<div class=\"text-historique\">\n<h2>2020<\/h2>\n<strong>Fusion des soci\u00e9t\u00e9s<\/strong>\nDMM \/ CLM\n\n<\/div>\n<div class=\"ctn-thumb-historique\">\n<div class=\"thumb-historique\"><a class=\"fancybox\" href=\"https:\/\/www.dmm.fr\/wp-content\/uploads\/Logo-DMM-CLM-30-ans-1.png\" data-caption=\"2020- D\u00e9j\u00e0 plus de 30 ans\" data-fancybox=\"gallery\"><img loading=\"lazy\" decoding=\"async\" class=\"alignnone size-full wp-image-2087\" title=\"2020- D\u00e9j\u00e0 plus de 30 ans\" src=\"https:\/\/www.dmm.fr\/wp-content\/uploads\/Logo-DMM-CLM-30-ans-1.png\" alt=\"\" width=\"8192\" height=\"3395\" srcset=\"https:\/\/www.dmm.fr\/wp-content\/uploads\/Logo-DMM-CLM-30-ans-1.png 8192w, https:\/\/www.dmm.fr\/wp-content\/uploads\/Logo-DMM-CLM-30-ans-1-300x124.png 300w, https:\/\/www.dmm.fr\/wp-content\/uploads\/Logo-DMM-CLM-30-ans-1-1024x424.png 1024w, https:\/\/www.dmm.fr\/wp-content\/uploads\/Logo-DMM-CLM-30-ans-1-768x318.png 768w, https:\/\/www.dmm.fr\/wp-content\/uploads\/Logo-DMM-CLM-30-ans-1-1536x637.png 1536w, https:\/\/www.dmm.fr\/wp-content\/uploads\/Logo-DMM-CLM-30-ans-1-2048x849.png 2048w\" sizes=\"auto, (max-width: 8192px) 100vw, 8192px\" \/><\/a><\/div>\n<\/div>\n<\/div>\n<\/div>\n<div class=\"cd-timeline-block\">\n<div class=\"cd-timeline-img is-hidden\"><\/div>\n<div class=\"cd-timeline-content is-hidden\">\n<div class=\"text-historique\">\n<h2>2021<\/h2>\nReconduction de la certification ISO 9001 <strong>version 2015<\/strong>\n\n<\/div>\n<\/div>\n<\/div>\n<div class=\"cd-timeline-block\">\n<div class=\"cd-timeline-img is-hidden\"><\/div>\n<div class=\"cd-timeline-content is-hidden\">\n<div class=\"text-historique\">\n<h2>2022<\/h2>\nCertification RSE <strong>Obtention de la m\u00e9daille d&#8217;argent par Ecovadis<\/strong>\n\n<\/div>\n<\/div>\n<\/div>\n<div class=\"cd-timeline-block\">\n<div class=\"cd-timeline-img is-hidden\"><\/div>\n<div class=\"cd-timeline-content is-hidden\">\n<div class=\"text-historique\">\n<h2>2024<\/h2>\nAcquisition d&#8217;une fraiseuse CN 5 axes UGV <strong>\u00e0 portique grande capacit\u00e9 et d&#8217;une fraiseuse CN UGV<\/strong>\n\n<\/div>\n<\/div>\n<\/div>\n<\/section>","protected":false},"excerpt":{"rendered":"<p>1990 Cr\u00e9ation de la soci\u00e9t\u00e9 DMM par Henri Duthel 1994 Construction du premier b\u00e2timent<\/p>\n","protected":false},"author":1,"featured_media":0,"parent":1047,"menu_order":2,"comment_status":"closed","ping_status":"closed","template":"","meta":{"footnotes":""},"class_list":["post-1073","page","type-page","status-publish","hentry"],"_links":{"self":[{"href":"https:\/\/www.dmm.fr\/de\/wp-json\/wp\/v2\/pages\/1073","targetHints":{"allow":["GET"]}}],"collection":[{"href":"https:\/\/www.dmm.fr\/de\/wp-json\/wp\/v2\/pages"}],"about":[{"href":"https:\/\/www.dmm.fr\/de\/wp-json\/wp\/v2\/types\/page"}],"author":[{"embeddable":true,"href":"https:\/\/www.dmm.fr\/de\/wp-json\/wp\/v2\/users\/1"}],"replies":[{"embeddable":true,"href":"https:\/\/www.dmm.fr\/de\/wp-json\/wp\/v2\/comments?post=1073"}],"version-history":[{"count":6,"href":"https:\/\/www.dmm.fr\/de\/wp-json\/wp\/v2\/pages\/1073\/revisions"}],"predecessor-version":[{"id":3282,"href":"https:\/\/www.dmm.fr\/de\/wp-json\/wp\/v2\/pages\/1073\/revisions\/3282"}],"up":[{"embeddable":true,"href":"https:\/\/www.dmm.fr\/de\/wp-json\/wp\/v2\/pages\/1047"}],"wp:attachment":[{"href":"https:\/\/www.dmm.fr\/de\/wp-json\/wp\/v2\/media?parent=1073"}],"curies":[{"name":"wp","href":"https:\/\/api.w.org\/{rel}","templated":true}]}}