{"id":1065,"date":"2017-11-29T16:46:07","date_gmt":"2017-11-29T15:46:07","guid":{"rendered":"https:\/\/www.dmm.fr\/?page_id=1065"},"modified":"2019-01-02T13:06:55","modified_gmt":"2019-01-02T12:06:55","slug":"rechtliche-hinweise","status":"publish","type":"page","link":"https:\/\/www.dmm.fr\/de\/rechtliche-hinweise\/","title":{"rendered":"Rechtliche Hinweise"},"content":{"rendered":"<h2>ERKL\u00c4RUNGEN<\/h2>\r\n<p>Gem\u00e4\u00df den Empfehlung 2005-284 der franz\u00f6sischen Datenschutzbeh\u00f6rde CNIL wurde f\u00fcr diese Website an sich bei dieser Beh\u00f6rde keine Erkl\u00e4rung eingereicht. Allerdings wurde bzw. wird f\u00fcr alle bislang bzw. k\u00fcnftig bearbeiteten Daten bez\u00fcglich dieser Website gegen\u00fcber der CNIL eine Erkl\u00e4rung abgegeben.<\/p>\r\n<p>Gem\u00e4\u00df Artikel 38 und 40 des franz\u00f6sischen Gesetzes 2004-801 vom 06.08.2004 verf\u00fcgen Sie \u00fcber das Recht, auf jegliche Sie betreffende Daten zuzugreifen, sie zu berichtigen oder zu l\u00f6schen. Sie k\u00f6nnen von diesem Recht Gebrauch machen, indem Sie uns eine E-Mail an die angegebene E-Mail-Adresse oder ein Schreiben an die nachstehende Anschrift senden: DMM\/CLM &#8211; Parc Industriel la prairie Groissiat &#8211; BP 62 &#8211; Bellignat &#8211; 01116 OYONNAX Cedex<\/p>\r\n<h2>IHNEN PERSONLICHE DATEN<\/h2>\r\n<p>Bevor wir Ihnen pers\u00f6nliche Daten offenlegen k\u00f6nnen, werden wir Sie bitten, mit Hilfe eines Ausweisdokuments Ihre Identit\u00e4t nachzuweisen. F\u00fcr den Fall, dass Sie Ihre Identit\u00e4t nicht nachweisen k\u00f6nnen, behalten wir uns das Recht vor, abzulehnen, Ihnen die Sie betreffenden pers\u00f6nlichen Daten zuzusenden.<\/p>\r\n<p>Wir bem\u00fchen uns, Ihre Anfragen innerhalb vern\u00fcnftiger Fristen zu bearbeiten. F\u00fcr die Rechte der Berichtigung und L\u00f6schung gelten dieselben Vorbedingungen wie f\u00fcr das Zugriffsrecht.<\/p>\r\n\r\n<h2>GEISTIGES EIGENTUM<\/h2>\r\n<p>S\u00e4mtliche auf unserer Website enthaltenen Software-Programme, administrativen Back-Offices und angebotenen Serviceleistungen (Forum, Chat, G\u00e4stebuch usw.) sind Originalwerke und als solche urheberrechtlich gesch\u00fctzt.<\/p>\r\n<p>Alle auf der Website dargestellten Bildmaterialien (Fotos, Abbildungen, Logos usw.) sind ebenfalls urheberrechtlich gesch\u00fctzt und befinden sich im alleinigen Eigentum des oben erw\u00e4hnten Unternehmens.<\/p>\r\n<p>Die Inhalte der Website (Texte, Artikel usw.) befinden sich im alleinigen Eigentum ihrer Verfasser und d\u00fcrfen ohne Genehmigung derselben weder vervielf\u00e4ltigt noch genutzt werden. Texte von externen Quellen wurden mit implizitem bzw. explizitem Einverst\u00e4ndnis ihrer jeweiligen Verfasser vervielf\u00e4ltigt.<\/p>\r\n<p>In diesem Sinne wird auf die Websites der Quellen und der entsprechenden Verfasser verwiesen.<\/p>\r\n\r\n<h2>GEGENDARSTELLUNGSRECHT AUF DER WEBSITE<\/h2>\r\n<p>Gem\u00e4\u00df Artikel 6 IV des franz\u00f6sischen Gesetzes Nr. 2004-575 verf\u00fcgt jegliche nat\u00fcrliche oder juristische Person, die auf der Website erw\u00e4hnt oder bezeichnet wird, \u00fcber das Recht der Gegendarstellung. Davon unbeschadet sind jegliche Anspr\u00fcche der Korrektur oder L\u00f6schung der von dieser Person an den Sitz des Unternehmens gesendeten Nachricht.<\/p>\r\n<p>Der an den publizistischen Leiter gesendete Antrag auf Gegendarstellung muss sp\u00e4testens drei Monate nach der \u00f6ffentlichen Verf\u00fcgbarmachung der diesen Antrag rechtfertigenden Nachricht eingereicht werden.<\/p>\r\n\r\n<h2>COOKIES MANAGEMENT<\/h2>\r\n<p>Die Konfiguration der Cookie-Verwaltung kann in den Einstellungen Ihres Browsers vorgenommen werden.<\/p>\r\n<p>Die beste Benutzererfahrung auf dieser Website und die Bedingungen f\u00fcr den Zugang zu bestimmten Diensten erfordern die Verwendung von Cookies.<\/p>\r\n<p>Hier sind die Links, die es Ihnen erm\u00f6glichen, Cookies auf den wichtigsten Browsern zu konfigurieren: <\/p>\r\n<p>>> Chrome : <a href=\"https:\/\/support.google.com\/chrome\/answer\/95647?hl=de\" target=\"_blank\">https:\/\/support.google.com\/chrome\/answer\/95647?hl=de<\/a><\/p>\r\n<p>>> Internet Explorer : <a href=\"https:\/\/support.microsoft.com\/de-de\/help\/17442\/windows-internet-explorer-delete-manage-cookies\" target=\"_blank\">https:\/\/support.microsoft.com\/de-de\/help\/17442\/windows-internet-explorer-delete-manage-cookies<\/a><\/p>\r\n<p>>> Firefox : <a href=\"https:\/\/support.mozilla.org\/de\/kb\/cookies-erlauben-und-ablehnen\" target=\"_blank\">https:\/\/support.mozilla.org\/de\/kb\/cookies-erlauben-und-ablehnen<\/a><\/p>\r\n<p>>> Safari <a href=\"https:\/\/support.apple.com\/kb\/PH21411?locale=de_DE\" target=\"_blank\">https:\/\/support.apple.com\/kb\/PH21411?locale=de_DE<\/a><\/p>\r\n\r\n<h2>HOSTING<\/h2>\r\n<p>Unsere Website ist auf den Servern des Unternehmens <a href=\"https:\/\/www.novagence.fr\" target=\"_blank\" rel=\"noopener nofollow external\">Novagence<\/a> gehostet.<\/p>\r\n\r\n<h2>KUNDENSERVICE<\/h2>\r\n<p>Der Kundenservice ist unter folgenden Kontaktdaten erreichbar:<\/p>\r\nDMM\/CLM\r\nParc Industriel la prairie Groissiat<br\/>\r\nBP 62 &#8211; Bellignat<br\/>\r\n01116 OYONNAX Cedex<br\/>\r\nFRANCE","protected":false},"excerpt":{"rendered":"<p>ERKL\u00c4RUNGEN Gem\u00e4\u00df den Empfehlung 2005-284 der franz\u00f6sischen Datenschutzbeh\u00f6rde CNIL wurde f\u00fcr diese Website an<\/p>\n","protected":false},"author":1,"featured_media":0,"parent":0,"menu_order":0,"comment_status":"closed","ping_status":"closed","template":"","meta":{"footnotes":""},"class_list":["post-1065","page","type-page","status-publish","hentry"],"_links":{"self":[{"href":"https:\/\/www.dmm.fr\/de\/wp-json\/wp\/v2\/pages\/1065","targetHints":{"allow":["GET"]}}],"collection":[{"href":"https:\/\/www.dmm.fr\/de\/wp-json\/wp\/v2\/pages"}],"about":[{"href":"https:\/\/www.dmm.fr\/de\/wp-json\/wp\/v2\/types\/page"}],"author":[{"embeddable":true,"href":"https:\/\/www.dmm.fr\/de\/wp-json\/wp\/v2\/users\/1"}],"replies":[{"embeddable":true,"href":"https:\/\/www.dmm.fr\/de\/wp-json\/wp\/v2\/comments?post=1065"}],"version-history":[{"count":4,"href":"https:\/\/www.dmm.fr\/de\/wp-json\/wp\/v2\/pages\/1065\/revisions"}],"predecessor-version":[{"id":1360,"href":"https:\/\/www.dmm.fr\/de\/wp-json\/wp\/v2\/pages\/1065\/revisions\/1360"}],"wp:attachment":[{"href":"https:\/\/www.dmm.fr\/de\/wp-json\/wp\/v2\/media?parent=1065"}],"curies":[{"name":"wp","href":"https:\/\/api.w.org\/{rel}","templated":true}]}}