{"id":1040,"date":"2017-11-29T16:21:54","date_gmt":"2017-11-29T15:21:54","guid":{"rendered":"https:\/\/www.dmm.fr\/?page_id=1040"},"modified":"2020-12-03T16:10:02","modified_gmt":"2020-12-03T15:10:02","slug":"ihre-ansprueche-unsere-formbau-expertise","status":"publish","type":"page","link":"https:\/\/www.dmm.fr\/de\/","title":{"rendered":"Ihre Anspr\u00fcche, unsere Formbau-Expertise"},"content":{"rendered":"DMM-CLM hat sich als unverzichtbarer Experte in der Konzeption, Fertigung und Reparatur gro\u00dfformatiger Formen (mit einem Gewicht bis 50 Tonnen und einer L\u00e4nge bis 6 Meter) zur Verarbeitung von Kunststoffen und Verbundmaterialien etabliert.\n\nWir optimieren unser Know-how durch technische und menschliche Synergien in 4 Fachgebieten:\n<ul class=\"arrow-list blue-arrow-list\">\n \t<li>Spritzgie\u00dfen oder Formpressen w\u00e4rmeh\u00e4rtbarer Verbundmaterialien: SMC, BMC, RIM, RTM<\/li>\n \t<li>Spritzgie\u00dfen oder Formpressen von Thermoplasten: Ein-\/Zweikomponenten-Thermoplaste, Etagenformen, TPC, LFT<\/li>\n \t<li>Extrusionsblasformen von Thermoplasten<\/li>\n \t<li>Auftragsfertigung gro\u00dfformatiger Teile f\u00fcr die mechanische Industrie<\/li>\n<\/ul>","protected":false},"excerpt":{"rendered":"<p>DMM-CLM hat sich als unverzichtbarer Experte in der Konzeption, Fertigung und Reparatur gro\u00dfformatiger Formen<\/p>\n","protected":false},"author":1,"featured_media":0,"parent":0,"menu_order":0,"comment_status":"closed","ping_status":"closed","template":"page-templates\/front-page.php","meta":{"footnotes":""},"class_list":["post-1040","page","type-page","status-publish","hentry"],"_links":{"self":[{"href":"https:\/\/www.dmm.fr\/de\/wp-json\/wp\/v2\/pages\/1040","targetHints":{"allow":["GET"]}}],"collection":[{"href":"https:\/\/www.dmm.fr\/de\/wp-json\/wp\/v2\/pages"}],"about":[{"href":"https:\/\/www.dmm.fr\/de\/wp-json\/wp\/v2\/types\/page"}],"author":[{"embeddable":true,"href":"https:\/\/www.dmm.fr\/de\/wp-json\/wp\/v2\/users\/1"}],"replies":[{"embeddable":true,"href":"https:\/\/www.dmm.fr\/de\/wp-json\/wp\/v2\/comments?post=1040"}],"version-history":[{"count":2,"href":"https:\/\/www.dmm.fr\/de\/wp-json\/wp\/v2\/pages\/1040\/revisions"}],"predecessor-version":[{"id":2265,"href":"https:\/\/www.dmm.fr\/de\/wp-json\/wp\/v2\/pages\/1040\/revisions\/2265"}],"wp:attachment":[{"href":"https:\/\/www.dmm.fr\/de\/wp-json\/wp\/v2\/media?parent=1040"}],"curies":[{"name":"wp","href":"https:\/\/api.w.org\/{rel}","templated":true}]}}